{"id":101,"date":"2023-12-25T08:32:18","date_gmt":"2023-12-25T07:32:18","guid":{"rendered":"https:\/\/laforetdessaveurs.fr\/?post_type=product&#038;p=101"},"modified":"2023-12-25T08:57:26","modified_gmt":"2023-12-25T07:57:26","slug":"faustrime","status":"publish","type":"product","link":"https:\/\/laforetdessaveurs.fr\/index.php\/produit\/faustrime\/","title":{"rendered":"Faustrime"},"content":{"rendered":"<h1><\/h1>\n<p><em>Microcitrus australasica<\/em><\/p>\n<p>Hybride naturel entre un Citron Caviar et un Limequat, le Faustrime produit un fruit allong\u00e9, renfermant une pulpe qui \u00e9clate en bouche aux ar\u00f4mes de Lime. Son zeste, aux saveurs de Combava, peut quant \u00e0 lui \u00eatre utilis\u00e9 en cuisine. La maturit\u00e9 est assez pr\u00e9coce, et il devient un 4 saisons en vieillissant., vous permettant ainsi de r\u00e9colter toute l\u2019ann\u00e9e.<\/p>\n<p>Rusticit\u00e9 : &#8211; 6\u00b0C<\/p>\n<p>R\u00e9colte : 4 saisons<\/p>\n","protected":false},"excerpt":{"rendered":"<p>Microcitrus australasica Hybride naturel entre un Citron Caviar et un Limequat, le Faustrime produit un fruit allong\u00e9, renfermant une pulpe qui \u00e9clate en bouche aux ar\u00f4mes de Lime. Son zeste, aux saveurs de Combava, peut quant \u00e0 lui \u00eatre utilis\u00e9 en cuisine. La maturit\u00e9 est assez pr\u00e9coce, et il devient un 4 saisons en vieillissant., &hellip;<\/p>\n<p class=\"read-more\"> <a class=\"\" href=\"https:\/\/laforetdessaveurs.fr\/index.php\/produit\/faustrime\/\"> <span class=\"screen-reader-text\">Faustrime<\/span> Read More &raquo;<\/a><\/p>\n","protected":false},"featured_media":104,"template":"","meta":{"site-sidebar-layout":"default","site-content-layout":"","ast-site-content-layout":"default","site-content-style":"default","site-sidebar-style":"default","ast-global-header-display":"","ast-banner-title-visibility":"","ast-main-header-display":"","ast-hfb-above-header-display":"","ast-hfb-below-header-display":"","ast-hfb-mobile-header-display":"","site-post-title":"","ast-breadcrumbs-content":"","ast-featured-img":"","footer-sml-layout":"","theme-transparent-header-meta":"default","adv-header-id-meta":"","stick-header-meta":"","header-above-stick-meta":"","header-main-stick-meta":"","header-below-stick-meta":"","astra-migrate-meta-layouts":"set","ast-page-background-enabled":"default","ast-page-background-meta":{"desktop":{"background-color":"var(--ast-global-color-4)","background-image":"","background-repeat":"repeat","background-position":"center center","background-size":"auto","background-attachment":"scroll","background-type":"","background-media":"","overlay-type":"","overlay-color":"","overlay-gradient":""},"tablet":{"background-color":"","background-image":"","background-repeat":"repeat","background-position":"center center","background-size":"auto","background-attachment":"scroll","background-type":"","background-media":"","overlay-type":"","overlay-color":"","overlay-gradient":""},"mobile":{"background-color":"","background-image":"","background-repeat":"repeat","background-position":"center center","background-size":"auto","background-attachment":"scroll","background-type":"","background-media":"","overlay-type":"","overlay-color":"","overlay-gradient":""}},"ast-content-background-meta":{"desktop":{"background-color":"var(--ast-global-color-5)","background-image":"","background-repeat":"repeat","background-position":"center center","background-size":"auto","background-attachment":"scroll","background-type":"","background-media":"","overlay-type":"","overlay-color":"","overlay-gradient":""},"tablet":{"background-color":"var(--ast-global-color-5)","background-image":"","background-repeat":"repeat","background-position":"center center","background-size":"auto","background-attachment":"scroll","background-type":"","background-media":"","overlay-type":"","overlay-color":"","overlay-gradient":""},"mobile":{"background-color":"var(--ast-global-color-5)","background-image":"","background-repeat":"repeat","background-position":"center center","background-size":"auto","background-attachment":"scroll","background-type":"","background-media":"","overlay-type":"","overlay-color":"","overlay-gradient":""}}},"product_cat":[22],"product_tag":[],"class_list":{"0":"post-101","1":"product","2":"type-product","3":"status-publish","4":"has-post-thumbnail","6":"product_cat-citron-caviar","7":"desktop-align-left","8":"tablet-align-left","9":"mobile-align-left","11":"first","12":"outofstock","13":"shipping-taxable","14":"purchasable","15":"product-type-variable"},"jetpack_sharing_enabled":true,"_links":{"self":[{"href":"https:\/\/laforetdessaveurs.fr\/index.php\/wp-json\/wp\/v2\/product\/101","targetHints":{"allow":["GET"]}}],"collection":[{"href":"https:\/\/laforetdessaveurs.fr\/index.php\/wp-json\/wp\/v2\/product"}],"about":[{"href":"https:\/\/laforetdessaveurs.fr\/index.php\/wp-json\/wp\/v2\/types\/product"}],"wp:featuredmedia":[{"embeddable":true,"href":"https:\/\/laforetdessaveurs.fr\/index.php\/wp-json\/wp\/v2\/media\/104"}],"wp:attachment":[{"href":"https:\/\/laforetdessaveurs.fr\/index.php\/wp-json\/wp\/v2\/media?parent=101"}],"wp:term":[{"taxonomy":"product_cat","embeddable":true,"href":"https:\/\/laforetdessaveurs.fr\/index.php\/wp-json\/wp\/v2\/product_cat?post=101"},{"taxonomy":"product_tag","embeddable":true,"href":"https:\/\/laforetdessaveurs.fr\/index.php\/wp-json\/wp\/v2\/product_tag?post=101"}],"curies":[{"name":"wp","href":"https:\/\/api.w.org\/{rel}","templated":true}]}}