{"id":105,"date":"2023-12-25T08:43:27","date_gmt":"2023-12-25T07:43:27","guid":{"rendered":"https:\/\/laforetdessaveurs.fr\/?post_type=product&#038;p=105"},"modified":"2023-12-25T08:43:47","modified_gmt":"2023-12-25T07:43:47","slug":"citron-caviar-grenat","status":"publish","type":"product","link":"https:\/\/laforetdessaveurs.fr\/index.php\/produit\/citron-caviar-grenat\/","title":{"rendered":"Citron Caviar \u00ab\u00a0Grenat\u00a0\u00bb"},"content":{"rendered":"<h1><\/h1>\n<p><em>Microcitrus australasica<\/em><\/p>\n<p>Ce citronnier de moyenne vigueur produit des fruits de forme ovale arborant une teinte sombre. Ils renferment une pulpe d\u2019une beaut\u00e9 remarquable, rappelant la forme des grains de grenade, qui \u00e9clate en bouche laissant s\u2019y \u00e9chapper des ar\u00f4mes de grenadine. \u00a0Bien qu&#8217;il soit r\u00e9serv\u00e9 aux climats doux pour une culture en pleine terre, il peut \u00e9galement prosp\u00e9rer dans un grand bac et tol\u00e9rer de courtes p\u00e9riodes de gel jusqu&#8217;\u00e0 environ -5\u00b0C\/-6\u00b0C.<\/p>\n<p>R\u00e9colte : de septembre \u00e0 novembre<\/p>\n","protected":false},"excerpt":{"rendered":"<p>Microcitrus australasica Ce citronnier de moyenne vigueur produit des fruits de forme ovale arborant une teinte sombre. Ils renferment une pulpe d\u2019une beaut\u00e9 remarquable, rappelant la forme des grains de grenade, qui \u00e9clate en bouche laissant s\u2019y \u00e9chapper des ar\u00f4mes de grenadine. \u00a0Bien qu&#8217;il soit r\u00e9serv\u00e9 aux climats doux pour une culture en pleine terre, &hellip;<\/p>\n<p class=\"read-more\"> <a class=\"\" href=\"https:\/\/laforetdessaveurs.fr\/index.php\/produit\/citron-caviar-grenat\/\"> <span class=\"screen-reader-text\">Citron Caviar \u00ab\u00a0Grenat\u00a0\u00bb<\/span> Read More &raquo;<\/a><\/p>\n","protected":false},"featured_media":109,"template":"","meta":{"site-sidebar-layout":"default","site-content-layout":"","ast-site-content-layout":"default","site-content-style":"default","site-sidebar-style":"default","ast-global-header-display":"","ast-banner-title-visibility":"","ast-main-header-display":"","ast-hfb-above-header-display":"","ast-hfb-below-header-display":"","ast-hfb-mobile-header-display":"","site-post-title":"","ast-breadcrumbs-content":"","ast-featured-img":"","footer-sml-layout":"","theme-transparent-header-meta":"default","adv-header-id-meta":"","stick-header-meta":"","header-above-stick-meta":"","header-main-stick-meta":"","header-below-stick-meta":"","astra-migrate-meta-layouts":"set","ast-page-background-enabled":"default","ast-page-background-meta":{"desktop":{"background-color":"var(--ast-global-color-4)","background-image":"","background-repeat":"repeat","background-position":"center center","background-size":"auto","background-attachment":"scroll","background-type":"","background-media":"","overlay-type":"","overlay-color":"","overlay-gradient":""},"tablet":{"background-color":"","background-image":"","background-repeat":"repeat","background-position":"center center","background-size":"auto","background-attachment":"scroll","background-type":"","background-media":"","overlay-type":"","overlay-color":"","overlay-gradient":""},"mobile":{"background-color":"","background-image":"","background-repeat":"repeat","background-position":"center center","background-size":"auto","background-attachment":"scroll","background-type":"","background-media":"","overlay-type":"","overlay-color":"","overlay-gradient":""}},"ast-content-background-meta":{"desktop":{"background-color":"var(--ast-global-color-5)","background-image":"","background-repeat":"repeat","background-position":"center center","background-size":"auto","background-attachment":"scroll","background-type":"","background-media":"","overlay-type":"","overlay-color":"","overlay-gradient":""},"tablet":{"background-color":"var(--ast-global-color-5)","background-image":"","background-repeat":"repeat","background-position":"center center","background-size":"auto","background-attachment":"scroll","background-type":"","background-media":"","overlay-type":"","overlay-color":"","overlay-gradient":""},"mobile":{"background-color":"var(--ast-global-color-5)","background-image":"","background-repeat":"repeat","background-position":"center center","background-size":"auto","background-attachment":"scroll","background-type":"","background-media":"","overlay-type":"","overlay-color":"","overlay-gradient":""}}},"product_cat":[22],"product_tag":[],"class_list":{"0":"post-105","1":"product","2":"type-product","3":"status-publish","4":"has-post-thumbnail","6":"product_cat-citron-caviar","7":"desktop-align-left","8":"tablet-align-left","9":"mobile-align-left","11":"first","12":"outofstock","13":"shipping-taxable","14":"purchasable","15":"product-type-variable"},"jetpack_sharing_enabled":true,"_links":{"self":[{"href":"https:\/\/laforetdessaveurs.fr\/index.php\/wp-json\/wp\/v2\/product\/105","targetHints":{"allow":["GET"]}}],"collection":[{"href":"https:\/\/laforetdessaveurs.fr\/index.php\/wp-json\/wp\/v2\/product"}],"about":[{"href":"https:\/\/laforetdessaveurs.fr\/index.php\/wp-json\/wp\/v2\/types\/product"}],"wp:featuredmedia":[{"embeddable":true,"href":"https:\/\/laforetdessaveurs.fr\/index.php\/wp-json\/wp\/v2\/media\/109"}],"wp:attachment":[{"href":"https:\/\/laforetdessaveurs.fr\/index.php\/wp-json\/wp\/v2\/media?parent=105"}],"wp:term":[{"taxonomy":"product_cat","embeddable":true,"href":"https:\/\/laforetdessaveurs.fr\/index.php\/wp-json\/wp\/v2\/product_cat?post=105"},{"taxonomy":"product_tag","embeddable":true,"href":"https:\/\/laforetdessaveurs.fr\/index.php\/wp-json\/wp\/v2\/product_tag?post=105"}],"curies":[{"name":"wp","href":"https:\/\/api.w.org\/{rel}","templated":true}]}}