{"id":123,"date":"2023-12-27T05:46:52","date_gmt":"2023-12-27T04:46:52","guid":{"rendered":"https:\/\/laforetdessaveurs.fr\/?post_type=product&#038;p=123"},"modified":"2023-12-27T05:46:52","modified_gmt":"2023-12-27T04:46:52","slug":"kumquat-fukushu","status":"publish","type":"product","link":"https:\/\/laforetdessaveurs.fr\/index.php\/produit\/kumquat-fukushu\/","title":{"rendered":"Kumquat Fukushu"},"content":{"rendered":"<h1><\/h1>\n<p><em>Fortunella obovata<\/em><\/p>\n<p>Le Kumquat Fukushu, \u00e9galement connu sous le nom de Kumquat Jiangsu, se d\u00e9marque des autres vari\u00e9t\u00e9s de Kumquat par ses feuilles vert fonc\u00e9 en forme de goutte, une \u00e9corce plus douce et une chair l\u00e9g\u00e8rement plus acide. Cet arbre, de taille moyenne (3-4 m\u00e8tres), est vigoureux et tr\u00e8s productif, il r\u00e9siste au froid jusqu&#8217;\u00e0 environ -10\u00b0C \u00e0 -12\u00b0C. La vari\u00e9t\u00e9 est pr\u00e9coce, donnant des fruits d\u00e8s novembre, et pr\u00e9sente plusieurs floraisons tout au long du printemps jusqu&#8217;en \u00e9t\u00e9, ce qui \u00e9chelonne la production de fruits.<\/p>\n<p>Les fruits du Kumquat Fukushu sont ovales, plus larges sur la partie inf\u00e9rieure avec une d\u00e9pression sur le dessous. Ils peuvent rester sur l&#8217;arbre pendant une p\u00e9riode prolong\u00e9e tout en conservant leur qualit\u00e9 gustative et en devenant plus doux avec le temps. Les fruits trouvent leur utilisation dans la pr\u00e9paration de confitures et de confiseries.<\/p>\n","protected":false},"excerpt":{"rendered":"<p>Le Kumquat Fukushu, \u00e9galement connu sous le nom de Kumquat Jiangsu, se d\u00e9marque des autres vari\u00e9t\u00e9s de Kumquat par ses feuilles vert fonc\u00e9 en forme de goutte, une \u00e9corce plus douce et une chair l\u00e9g\u00e8rement plus acide. Cet arbre, de taille moyenne (3-4 m\u00e8tres), est vigoureux et tr\u00e8s productif, il r\u00e9siste au froid jusqu&#8217;\u00e0 environ -10\u00b0C \u00e0 -12\u00b0C. La vari\u00e9t\u00e9 est pr\u00e9coce, donnant des fruits d\u00e8s novembre, et pr\u00e9sente plusieurs floraisons tout au long du printemps jusqu&#8217;en \u00e9t\u00e9, ce qui \u00e9chelonne la production de fruits.<\/p>\n<p>Les fruits du Kumquat Fukushu sont ovales, plus larges sur la partie inf\u00e9rieure avec une d\u00e9pression sur le dessous. Ils peuvent rester sur l&#8217;arbre pendant une p\u00e9riode prolong\u00e9e tout en conservant leur qualit\u00e9 gustative et en devenant plus doux avec le temps. Les fruits trouvent leur utilisation dans la pr\u00e9paration de confitures et de confiseries.<\/p>\n","protected":false},"featured_media":128,"template":"","meta":{"site-sidebar-layout":"default","site-content-layout":"","ast-site-content-layout":"default","site-content-style":"default","site-sidebar-style":"default","ast-global-header-display":"","ast-banner-title-visibility":"","ast-main-header-display":"","ast-hfb-above-header-display":"","ast-hfb-below-header-display":"","ast-hfb-mobile-header-display":"","site-post-title":"","ast-breadcrumbs-content":"","ast-featured-img":"","footer-sml-layout":"","theme-transparent-header-meta":"default","adv-header-id-meta":"","stick-header-meta":"","header-above-stick-meta":"","header-main-stick-meta":"","header-below-stick-meta":"","astra-migrate-meta-layouts":"set","ast-page-background-enabled":"default","ast-page-background-meta":{"desktop":{"background-color":"var(--ast-global-color-4)","background-image":"","background-repeat":"repeat","background-position":"center center","background-size":"auto","background-attachment":"scroll","background-type":"","background-media":"","overlay-type":"","overlay-color":"","overlay-gradient":""},"tablet":{"background-color":"","background-image":"","background-repeat":"repeat","background-position":"center center","background-size":"auto","background-attachment":"scroll","background-type":"","background-media":"","overlay-type":"","overlay-color":"","overlay-gradient":""},"mobile":{"background-color":"","background-image":"","background-repeat":"repeat","background-position":"center center","background-size":"auto","background-attachment":"scroll","background-type":"","background-media":"","overlay-type":"","overlay-color":"","overlay-gradient":""}},"ast-content-background-meta":{"desktop":{"background-color":"var(--ast-global-color-5)","background-image":"","background-repeat":"repeat","background-position":"center center","background-size":"auto","background-attachment":"scroll","background-type":"","background-media":"","overlay-type":"","overlay-color":"","overlay-gradient":""},"tablet":{"background-color":"var(--ast-global-color-5)","background-image":"","background-repeat":"repeat","background-position":"center center","background-size":"auto","background-attachment":"scroll","background-type":"","background-media":"","overlay-type":"","overlay-color":"","overlay-gradient":""},"mobile":{"background-color":"var(--ast-global-color-5)","background-image":"","background-repeat":"repeat","background-position":"center center","background-size":"auto","background-attachment":"scroll","background-type":"","background-media":"","overlay-type":"","overlay-color":"","overlay-gradient":""}}},"product_cat":[24],"product_tag":[],"class_list":{"0":"post-123","1":"product","2":"type-product","3":"status-publish","4":"has-post-thumbnail","6":"product_cat-kumquat","7":"desktop-align-left","8":"tablet-align-left","9":"mobile-align-left","11":"first","12":"outofstock","13":"shipping-taxable","14":"purchasable","15":"product-type-variable"},"jetpack_sharing_enabled":true,"_links":{"self":[{"href":"https:\/\/laforetdessaveurs.fr\/index.php\/wp-json\/wp\/v2\/product\/123","targetHints":{"allow":["GET"]}}],"collection":[{"href":"https:\/\/laforetdessaveurs.fr\/index.php\/wp-json\/wp\/v2\/product"}],"about":[{"href":"https:\/\/laforetdessaveurs.fr\/index.php\/wp-json\/wp\/v2\/types\/product"}],"wp:featuredmedia":[{"embeddable":true,"href":"https:\/\/laforetdessaveurs.fr\/index.php\/wp-json\/wp\/v2\/media\/128"}],"wp:attachment":[{"href":"https:\/\/laforetdessaveurs.fr\/index.php\/wp-json\/wp\/v2\/media?parent=123"}],"wp:term":[{"taxonomy":"product_cat","embeddable":true,"href":"https:\/\/laforetdessaveurs.fr\/index.php\/wp-json\/wp\/v2\/product_cat?post=123"},{"taxonomy":"product_tag","embeddable":true,"href":"https:\/\/laforetdessaveurs.fr\/index.php\/wp-json\/wp\/v2\/product_tag?post=123"}],"curies":[{"name":"wp","href":"https:\/\/api.w.org\/{rel}","templated":true}]}}