{"id":129,"date":"2023-12-27T05:56:25","date_gmt":"2023-12-27T04:56:25","guid":{"rendered":"https:\/\/laforetdessaveurs.fr\/?post_type=product&#038;p=129"},"modified":"2023-12-27T05:56:25","modified_gmt":"2023-12-27T04:56:25","slug":"kumquat-meiwa","status":"publish","type":"product","link":"https:\/\/laforetdessaveurs.fr\/index.php\/produit\/kumquat-meiwa\/","title":{"rendered":"Kumquat Meiwa"},"content":{"rendered":"<h1><\/h1>\n<p><em>Fortunella crassifolia<\/em><\/p>\n<p>Le Citrus fortunella &#8216;Meiwa&#8217;, un tr\u00e9sor parmi les agrumes, \u00e9merveille avec ses innombrables petits fruits ronds, l\u00e9g\u00e8rement plus rondes que le &#8216;Nagami&#8217;. Remarquablement sucr\u00e9es, ils offrent une exp\u00e9rience gustative agr\u00e9able lorsque l&#8217;on consomme le fruit entier, y compris la peau. Le Kumquat Meiwa est souvent consid\u00e9r\u00e9 comme la vari\u00e9t\u00e9 de kumquat la plus douce parmi les Citrus fortunella<\/p>\n<p>Son arbre vigoureux est tr\u00e8s productif, bien que moins compact que la vari\u00e9t\u00e9 &#8216;Kumquat obovata&#8217;. Ses longues branches se parent de fleurs en \u00e9t\u00e9, puis de fruits qui m\u00fbrissent de janvier \u00e0 mars. Toutefois, il convient de noter que, bien que r\u00e9sistant au froid jusqu&#8217;\u00e0 environ -12\u00b0C, les fruits peuvent geler \u00e0 des temp\u00e9ratures aussi \u00e9lev\u00e9es que -4\u00b0C\/-5\u00b0C.<\/p>\n<p>R\u00e9colte : de janvier \u00e0 avril<\/p>\n<p>Rusticit\u00e9 : -12\u00b0C<\/p>\n","protected":false},"excerpt":{"rendered":"<p>Le Citrus fortunella &#8216;Meiwa&#8217;, un tr\u00e9sor parmi les agrumes, \u00e9merveille avec ses innombrables petits fruits ronds, l\u00e9g\u00e8rement plus rondes que le &#8216;Nagami&#8217;. Remarquablement sucr\u00e9es, ils offrent une exp\u00e9rience gustative agr\u00e9able lorsque l&#8217;on consomme le fruit entier, y compris la peau. Le Kumquat Meiwa est souvent consid\u00e9r\u00e9 comme la vari\u00e9t\u00e9 de kumquat la plus douce parmi les Citrus fortunella<\/p>\n<p>Son arbre vigoureux est tr\u00e8s productif, bien que moins compact que la vari\u00e9t\u00e9 &#8216;Kumquat obovata&#8217;. Ses longues branches se parent de fleurs en \u00e9t\u00e9, puis de fruits qui m\u00fbrissent de janvier \u00e0 mars. Toutefois, il convient de noter que, bien que r\u00e9sistant au froid jusqu&#8217;\u00e0 environ -12\u00b0C, les fruits peuvent geler \u00e0 des temp\u00e9ratures aussi \u00e9lev\u00e9es que -4\u00b0C\/-5\u00b0C.<\/p>\n","protected":false},"featured_media":134,"template":"","meta":{"site-sidebar-layout":"default","site-content-layout":"","ast-site-content-layout":"default","site-content-style":"default","site-sidebar-style":"default","ast-global-header-display":"","ast-banner-title-visibility":"","ast-main-header-display":"","ast-hfb-above-header-display":"","ast-hfb-below-header-display":"","ast-hfb-mobile-header-display":"","site-post-title":"","ast-breadcrumbs-content":"","ast-featured-img":"","footer-sml-layout":"","theme-transparent-header-meta":"default","adv-header-id-meta":"","stick-header-meta":"","header-above-stick-meta":"","header-main-stick-meta":"","header-below-stick-meta":"","astra-migrate-meta-layouts":"set","ast-page-background-enabled":"default","ast-page-background-meta":{"desktop":{"background-color":"var(--ast-global-color-4)","background-image":"","background-repeat":"repeat","background-position":"center center","background-size":"auto","background-attachment":"scroll","background-type":"","background-media":"","overlay-type":"","overlay-color":"","overlay-gradient":""},"tablet":{"background-color":"","background-image":"","background-repeat":"repeat","background-position":"center center","background-size":"auto","background-attachment":"scroll","background-type":"","background-media":"","overlay-type":"","overlay-color":"","overlay-gradient":""},"mobile":{"background-color":"","background-image":"","background-repeat":"repeat","background-position":"center center","background-size":"auto","background-attachment":"scroll","background-type":"","background-media":"","overlay-type":"","overlay-color":"","overlay-gradient":""}},"ast-content-background-meta":{"desktop":{"background-color":"var(--ast-global-color-5)","background-image":"","background-repeat":"repeat","background-position":"center center","background-size":"auto","background-attachment":"scroll","background-type":"","background-media":"","overlay-type":"","overlay-color":"","overlay-gradient":""},"tablet":{"background-color":"var(--ast-global-color-5)","background-image":"","background-repeat":"repeat","background-position":"center center","background-size":"auto","background-attachment":"scroll","background-type":"","background-media":"","overlay-type":"","overlay-color":"","overlay-gradient":""},"mobile":{"background-color":"var(--ast-global-color-5)","background-image":"","background-repeat":"repeat","background-position":"center center","background-size":"auto","background-attachment":"scroll","background-type":"","background-media":"","overlay-type":"","overlay-color":"","overlay-gradient":""}}},"product_cat":[24],"product_tag":[],"class_list":{"0":"post-129","1":"product","2":"type-product","3":"status-publish","4":"has-post-thumbnail","6":"product_cat-kumquat","7":"desktop-align-left","8":"tablet-align-left","9":"mobile-align-left","11":"first","12":"outofstock","13":"shipping-taxable","14":"purchasable","15":"product-type-variable"},"jetpack_sharing_enabled":true,"_links":{"self":[{"href":"https:\/\/laforetdessaveurs.fr\/index.php\/wp-json\/wp\/v2\/product\/129","targetHints":{"allow":["GET"]}}],"collection":[{"href":"https:\/\/laforetdessaveurs.fr\/index.php\/wp-json\/wp\/v2\/product"}],"about":[{"href":"https:\/\/laforetdessaveurs.fr\/index.php\/wp-json\/wp\/v2\/types\/product"}],"wp:featuredmedia":[{"embeddable":true,"href":"https:\/\/laforetdessaveurs.fr\/index.php\/wp-json\/wp\/v2\/media\/134"}],"wp:attachment":[{"href":"https:\/\/laforetdessaveurs.fr\/index.php\/wp-json\/wp\/v2\/media?parent=129"}],"wp:term":[{"taxonomy":"product_cat","embeddable":true,"href":"https:\/\/laforetdessaveurs.fr\/index.php\/wp-json\/wp\/v2\/product_cat?post=129"},{"taxonomy":"product_tag","embeddable":true,"href":"https:\/\/laforetdessaveurs.fr\/index.php\/wp-json\/wp\/v2\/product_tag?post=129"}],"curies":[{"name":"wp","href":"https:\/\/api.w.org\/{rel}","templated":true}]}}