{"id":135,"date":"2023-12-27T05:56:48","date_gmt":"2023-12-27T04:56:48","guid":{"rendered":"https:\/\/laforetdessaveurs.fr\/?post_type=product&#038;p=135"},"modified":"2023-12-27T06:03:51","modified_gmt":"2023-12-27T05:03:51","slug":"kumquat-sans-pepin","status":"publish","type":"product","link":"https:\/\/laforetdessaveurs.fr\/index.php\/produit\/kumquat-sans-pepin\/","title":{"rendered":"Kumquat &#8220;Sans p\u00e9pin&#8221;"},"content":{"rendered":"<p>Le Kumquat sans p\u00e9pin, de vigueur moyenne (3-4 m\u00e8tres) et tr\u00e8s productif, il r\u00e9siste au froid jusqu&#8217;\u00e0 environ -10\u00b0C \u00e0 -12\u00b0C. Il pr\u00e9sente des feuilles assez rondes en forme de goutte, l\u00e9g\u00e8rement plus grandes que celles du kumquat classique. Ses fruits se composent d\u2019une \u00e9corce assez douce et d\u2019une chair l\u00e9g\u00e8rement acide. De plus, il est pr\u00e9coce dans sa fructification, offrant des r\u00e9coltes d\u00e8s le mois de novembre. Sa capacit\u00e9 \u00e0 produire des fleurs \u00e0 plusieurs reprises, du printemps jusqu&#8217;\u00e0 l&#8217;\u00e9t\u00e9, \u00e9chelonne la maturation de ses fruits.<\/p>\n<p>Le principal attrait de ce kumquat, r\u00e9side dans son absence ou sa tr\u00e8s faible quantit\u00e9 de p\u00e9pins.<\/p>\n","protected":false},"excerpt":{"rendered":"<p>Le Kumquat sans p\u00e9pin, de vigueur moyenne (3-4 m\u00e8tres) et tr\u00e8s productif, il r\u00e9siste au froid jusqu&#8217;\u00e0 environ -10\u00b0C \u00e0 -12\u00b0C. Il pr\u00e9sente des feuilles assez rondes en forme de goutte, l\u00e9g\u00e8rement plus grandes que celles du kumquat classique. Ses fruits se composent d\u2019une \u00e9corce assez douce et d\u2019une chair l\u00e9g\u00e8rement acide. De plus, il est pr\u00e9coce dans sa fructification, offrant des r\u00e9coltes d\u00e8s le mois de novembre. Sa capacit\u00e9 \u00e0 produire des fleurs \u00e0 plusieurs reprises, du printemps jusqu&#8217;\u00e0 l&#8217;\u00e9t\u00e9, \u00e9chelonne la maturation de ses fruits.<\/p>\n<p>Le principal attrait de ce kumquat, r\u00e9side dans son absence ou sa tr\u00e8s faible quantit\u00e9 de p\u00e9pins.<\/p>\n","protected":false},"featured_media":140,"template":"","meta":{"site-sidebar-layout":"default","site-content-layout":"","ast-site-content-layout":"default","site-content-style":"default","site-sidebar-style":"default","ast-global-header-display":"","ast-banner-title-visibility":"","ast-main-header-display":"","ast-hfb-above-header-display":"","ast-hfb-below-header-display":"","ast-hfb-mobile-header-display":"","site-post-title":"","ast-breadcrumbs-content":"","ast-featured-img":"","footer-sml-layout":"","theme-transparent-header-meta":"default","adv-header-id-meta":"","stick-header-meta":"","header-above-stick-meta":"","header-main-stick-meta":"","header-below-stick-meta":"","astra-migrate-meta-layouts":"set","ast-page-background-enabled":"default","ast-page-background-meta":{"desktop":{"background-color":"var(--ast-global-color-4)","background-image":"","background-repeat":"repeat","background-position":"center center","background-size":"auto","background-attachment":"scroll","background-type":"","background-media":"","overlay-type":"","overlay-color":"","overlay-gradient":""},"tablet":{"background-color":"","background-image":"","background-repeat":"repeat","background-position":"center center","background-size":"auto","background-attachment":"scroll","background-type":"","background-media":"","overlay-type":"","overlay-color":"","overlay-gradient":""},"mobile":{"background-color":"","background-image":"","background-repeat":"repeat","background-position":"center center","background-size":"auto","background-attachment":"scroll","background-type":"","background-media":"","overlay-type":"","overlay-color":"","overlay-gradient":""}},"ast-content-background-meta":{"desktop":{"background-color":"var(--ast-global-color-5)","background-image":"","background-repeat":"repeat","background-position":"center center","background-size":"auto","background-attachment":"scroll","background-type":"","background-media":"","overlay-type":"","overlay-color":"","overlay-gradient":""},"tablet":{"background-color":"var(--ast-global-color-5)","background-image":"","background-repeat":"repeat","background-position":"center center","background-size":"auto","background-attachment":"scroll","background-type":"","background-media":"","overlay-type":"","overlay-color":"","overlay-gradient":""},"mobile":{"background-color":"var(--ast-global-color-5)","background-image":"","background-repeat":"repeat","background-position":"center center","background-size":"auto","background-attachment":"scroll","background-type":"","background-media":"","overlay-type":"","overlay-color":"","overlay-gradient":""}}},"product_cat":[24],"product_tag":[],"class_list":{"0":"post-135","1":"product","2":"type-product","3":"status-publish","4":"has-post-thumbnail","6":"product_cat-kumquat","7":"desktop-align-left","8":"tablet-align-left","9":"mobile-align-left","11":"first","12":"outofstock","13":"shipping-taxable","14":"purchasable","15":"product-type-variable"},"jetpack_sharing_enabled":true,"_links":{"self":[{"href":"https:\/\/laforetdessaveurs.fr\/index.php\/wp-json\/wp\/v2\/product\/135","targetHints":{"allow":["GET"]}}],"collection":[{"href":"https:\/\/laforetdessaveurs.fr\/index.php\/wp-json\/wp\/v2\/product"}],"about":[{"href":"https:\/\/laforetdessaveurs.fr\/index.php\/wp-json\/wp\/v2\/types\/product"}],"wp:featuredmedia":[{"embeddable":true,"href":"https:\/\/laforetdessaveurs.fr\/index.php\/wp-json\/wp\/v2\/media\/140"}],"wp:attachment":[{"href":"https:\/\/laforetdessaveurs.fr\/index.php\/wp-json\/wp\/v2\/media?parent=135"}],"wp:term":[{"taxonomy":"product_cat","embeddable":true,"href":"https:\/\/laforetdessaveurs.fr\/index.php\/wp-json\/wp\/v2\/product_cat?post=135"},{"taxonomy":"product_tag","embeddable":true,"href":"https:\/\/laforetdessaveurs.fr\/index.php\/wp-json\/wp\/v2\/product_tag?post=135"}],"curies":[{"name":"wp","href":"https:\/\/api.w.org\/{rel}","templated":true}]}}