{"id":141,"date":"2023-12-27T06:04:32","date_gmt":"2023-12-27T05:04:32","guid":{"rendered":"https:\/\/laforetdessaveurs.fr\/?post_type=product&#038;p=141"},"modified":"2023-12-27T06:18:29","modified_gmt":"2023-12-27T05:18:29","slug":"citron-bignette","status":"publish","type":"product","link":"https:\/\/laforetdessaveurs.fr\/index.php\/produit\/citron-bignette\/","title":{"rendered":"Citron Bignette"},"content":{"rendered":"<p><a name=\"_Toc145868494\"><\/a><em>Citrus limon<\/em><\/p>\n<p>Le Citron Bignette est l&#8217;un des trois authentiques citrons de Menton, r\u00e9put\u00e9 pour son go\u00fbt exceptionnellement sucr\u00e9 et juteux. Sa forme ovale classique mesure environ 8 x 6 cm, avec une peau granuleuse d&#8217;un jaune vif qui renferme une quantit\u00e9 notable d&#8217;huile essentielle. La chair, d&#8217;un jaune clair, est ferme et juteuse. Sa maturit\u00e9 s&#8217;\u00e9tend d&#8217;octobre \u00e0 d\u00e9cembre, juste avant l&#8217;arriv\u00e9e des froids hivernaux. Les ar\u00f4mes intenses et d\u00e9licats de ses zestes en font un citron tr\u00e8s appr\u00e9ci\u00e9. Le Citron Bignette est largement consid\u00e9r\u00e9 comme l&#8217;une des vari\u00e9t\u00e9s les plus savoureuses de l&#8217;IGP \u00ab citron de Menton \u00bb, avec un jus et un zeste pr\u00e9sentant des notes l\u00e9g\u00e8rement sucr\u00e9es (moins acide qu\u2019un Eur\u00eaka). Son caract\u00e8re sucr\u00e9 et juteux en fait un choix de premier ordre pour les amateurs d&#8217;agrumes. Arbre vigoureux et productif avec une bonne rusticit\u00e9 (-8\u00b0C).<\/p>\n<p>Rusticit\u00e9 : -8\u00b0C<\/p>\n<p>R\u00e9colte : 4 saisons<\/p>\n","protected":false},"excerpt":{"rendered":"<p>Le Citron Bignette est l&#8217;un des trois authentiques citrons de Menton, r\u00e9put\u00e9 pour son go\u00fbt exceptionnellement sucr\u00e9 et juteux. Sa forme ovale classique mesure environ 8 x 6 cm, avec une peau granuleuse d&#8217;un jaune vif qui renferme une quantit\u00e9 notable d&#8217;huile essentielle. La chair, d&#8217;un jaune clair, est ferme et juteuse. Sa maturit\u00e9 s&#8217;\u00e9tend d&#8217;octobre \u00e0 d\u00e9cembre, juste avant l&#8217;arriv\u00e9e des froids hivernaux. Les ar\u00f4mes intenses et d\u00e9licats de ses zestes en font un citron tr\u00e8s appr\u00e9ci\u00e9. Le Citron Bignette est largement consid\u00e9r\u00e9 comme l&#8217;une des vari\u00e9t\u00e9s les plus savoureuses de l&#8217;IGP \u00ab citron de Menton \u00bb, avec un jus et un zeste pr\u00e9sentant des notes l\u00e9g\u00e8rement sucr\u00e9es (moins acide qu\u2019un Eur\u00eaka). Son caract\u00e8re sucr\u00e9 et juteux en fait un choix de premier ordre pour les amateurs d&#8217;agrumes. Arbre vigoureux et productif avec une bonne rusticit\u00e9 (-8\u00b0C).<\/p>\n","protected":false},"featured_media":146,"template":"","meta":{"site-sidebar-layout":"default","site-content-layout":"","ast-site-content-layout":"default","site-content-style":"default","site-sidebar-style":"default","ast-global-header-display":"","ast-banner-title-visibility":"","ast-main-header-display":"","ast-hfb-above-header-display":"","ast-hfb-below-header-display":"","ast-hfb-mobile-header-display":"","site-post-title":"","ast-breadcrumbs-content":"","ast-featured-img":"","footer-sml-layout":"","theme-transparent-header-meta":"default","adv-header-id-meta":"","stick-header-meta":"","header-above-stick-meta":"","header-main-stick-meta":"","header-below-stick-meta":"","astra-migrate-meta-layouts":"set","ast-page-background-enabled":"default","ast-page-background-meta":{"desktop":{"background-color":"var(--ast-global-color-4)","background-image":"","background-repeat":"repeat","background-position":"center center","background-size":"auto","background-attachment":"scroll","background-type":"","background-media":"","overlay-type":"","overlay-color":"","overlay-gradient":""},"tablet":{"background-color":"","background-image":"","background-repeat":"repeat","background-position":"center center","background-size":"auto","background-attachment":"scroll","background-type":"","background-media":"","overlay-type":"","overlay-color":"","overlay-gradient":""},"mobile":{"background-color":"","background-image":"","background-repeat":"repeat","background-position":"center center","background-size":"auto","background-attachment":"scroll","background-type":"","background-media":"","overlay-type":"","overlay-color":"","overlay-gradient":""}},"ast-content-background-meta":{"desktop":{"background-color":"var(--ast-global-color-5)","background-image":"","background-repeat":"repeat","background-position":"center center","background-size":"auto","background-attachment":"scroll","background-type":"","background-media":"","overlay-type":"","overlay-color":"","overlay-gradient":""},"tablet":{"background-color":"var(--ast-global-color-5)","background-image":"","background-repeat":"repeat","background-position":"center center","background-size":"auto","background-attachment":"scroll","background-type":"","background-media":"","overlay-type":"","overlay-color":"","overlay-gradient":""},"mobile":{"background-color":"var(--ast-global-color-5)","background-image":"","background-repeat":"repeat","background-position":"center center","background-size":"auto","background-attachment":"scroll","background-type":"","background-media":"","overlay-type":"","overlay-color":"","overlay-gradient":""}}},"product_cat":[24],"product_tag":[],"class_list":{"0":"post-141","1":"product","2":"type-product","3":"status-publish","4":"has-post-thumbnail","6":"product_cat-kumquat","7":"desktop-align-left","8":"tablet-align-left","9":"mobile-align-left","11":"first","12":"outofstock","13":"shipping-taxable","14":"purchasable","15":"product-type-variable"},"jetpack_sharing_enabled":true,"_links":{"self":[{"href":"https:\/\/laforetdessaveurs.fr\/index.php\/wp-json\/wp\/v2\/product\/141","targetHints":{"allow":["GET"]}}],"collection":[{"href":"https:\/\/laforetdessaveurs.fr\/index.php\/wp-json\/wp\/v2\/product"}],"about":[{"href":"https:\/\/laforetdessaveurs.fr\/index.php\/wp-json\/wp\/v2\/types\/product"}],"wp:featuredmedia":[{"embeddable":true,"href":"https:\/\/laforetdessaveurs.fr\/index.php\/wp-json\/wp\/v2\/media\/146"}],"wp:attachment":[{"href":"https:\/\/laforetdessaveurs.fr\/index.php\/wp-json\/wp\/v2\/media?parent=141"}],"wp:term":[{"taxonomy":"product_cat","embeddable":true,"href":"https:\/\/laforetdessaveurs.fr\/index.php\/wp-json\/wp\/v2\/product_cat?post=141"},{"taxonomy":"product_tag","embeddable":true,"href":"https:\/\/laforetdessaveurs.fr\/index.php\/wp-json\/wp\/v2\/product_tag?post=141"}],"curies":[{"name":"wp","href":"https:\/\/api.w.org\/{rel}","templated":true}]}}