{"id":153,"date":"2023-12-27T06:28:58","date_gmt":"2023-12-27T05:28:58","guid":{"rendered":"https:\/\/laforetdessaveurs.fr\/?post_type=product&#038;p=153"},"modified":"2023-12-27T06:32:45","modified_gmt":"2023-12-27T05:32:45","slug":"citrangequat-thomasville","status":"publish","type":"product","link":"https:\/\/laforetdessaveurs.fr\/index.php\/produit\/citrangequat-thomasville\/","title":{"rendered":"Citrangequat Thomasville"},"content":{"rendered":"<h1><\/h1>\n<p><em>(Citrus x insitorum Mabb x Fortunella margatia<\/em><\/p>\n<p>Le Citrangequat &#8220;Thomasville&#8221; est un hybride r\u00e9sultant du croisement entre un citrange et un kumquat ovale. Les fruits en forme de poire sont orang\u00e9s \u00e0 maturit\u00e9 et ressemblent \u00e0 de gros kumquats (environ 55 g) avec une \u00e9corce l\u00e9g\u00e8rement plus \u00e9paisse et des notes aromatiques d&#8217;orange. La pulpe se situe entre celle d&#8217;une orange et d&#8217;un kumquat, \u00e9tant assez juteuse et contenant quelques p\u00e9pins. Si cueilli avant sa maturit\u00e9 compl\u00e8te, le fruit peut \u00eatre utilis\u00e9 comme un citron, assez juteux et offrant un parfum intense. Le Citrangequat &#8220;Thomasville&#8221; est robuste jusqu&#8217;\u00e0 -15\u00b0C, et ses fruits peuvent rester longtemps sur la plante. La maturit\u00e9 des fruits s&#8217;\u00e9tend de d\u00e9cembre \u00e0 f\u00e9vrier, selon les pr\u00e9f\u00e9rences, avec une teneur en sucre qui augmente avec le temps.<\/p>\n","protected":false},"excerpt":{"rendered":"<p>Le Citrangequat &#8220;Thomasville&#8221; est un hybride r\u00e9sultant du croisement entre un citrange et un kumquat ovale. Les fruits en forme de poire sont orang\u00e9s \u00e0 maturit\u00e9 et ressemblent \u00e0 de gros kumquats (environ 55 g) avec une \u00e9corce l\u00e9g\u00e8rement plus \u00e9paisse et des notes aromatiques d&#8217;orange. La pulpe se situe entre celle d&#8217;une orange et d&#8217;un kumquat, \u00e9tant assez juteuse et contenant quelques p\u00e9pins. Si cueilli avant sa maturit\u00e9 compl\u00e8te, le fruit peut \u00eatre utilis\u00e9 comme un citron, assez juteux et offrant un parfum intense. Le Citrangequat &#8220;Thomasville&#8221; est robuste jusqu&#8217;\u00e0 -15\u00b0C, et ses fruits peuvent rester longtemps sur la plante. La maturit\u00e9 des fruits s&#8217;\u00e9tend de d\u00e9cembre \u00e0 f\u00e9vrier, selon les pr\u00e9f\u00e9rences, avec une teneur en sucre qui augmente avec le temps.<\/p>\n","protected":false},"featured_media":158,"template":"","meta":{"site-sidebar-layout":"default","site-content-layout":"","ast-site-content-layout":"default","site-content-style":"default","site-sidebar-style":"default","ast-global-header-display":"","ast-banner-title-visibility":"","ast-main-header-display":"","ast-hfb-above-header-display":"","ast-hfb-below-header-display":"","ast-hfb-mobile-header-display":"","site-post-title":"","ast-breadcrumbs-content":"","ast-featured-img":"","footer-sml-layout":"","theme-transparent-header-meta":"default","adv-header-id-meta":"","stick-header-meta":"","header-above-stick-meta":"","header-main-stick-meta":"","header-below-stick-meta":"","astra-migrate-meta-layouts":"set","ast-page-background-enabled":"default","ast-page-background-meta":{"desktop":{"background-color":"var(--ast-global-color-4)","background-image":"","background-repeat":"repeat","background-position":"center center","background-size":"auto","background-attachment":"scroll","background-type":"","background-media":"","overlay-type":"","overlay-color":"","overlay-gradient":""},"tablet":{"background-color":"","background-image":"","background-repeat":"repeat","background-position":"center center","background-size":"auto","background-attachment":"scroll","background-type":"","background-media":"","overlay-type":"","overlay-color":"","overlay-gradient":""},"mobile":{"background-color":"","background-image":"","background-repeat":"repeat","background-position":"center center","background-size":"auto","background-attachment":"scroll","background-type":"","background-media":"","overlay-type":"","overlay-color":"","overlay-gradient":""}},"ast-content-background-meta":{"desktop":{"background-color":"var(--ast-global-color-5)","background-image":"","background-repeat":"repeat","background-position":"center center","background-size":"auto","background-attachment":"scroll","background-type":"","background-media":"","overlay-type":"","overlay-color":"","overlay-gradient":""},"tablet":{"background-color":"var(--ast-global-color-5)","background-image":"","background-repeat":"repeat","background-position":"center center","background-size":"auto","background-attachment":"scroll","background-type":"","background-media":"","overlay-type":"","overlay-color":"","overlay-gradient":""},"mobile":{"background-color":"var(--ast-global-color-5)","background-image":"","background-repeat":"repeat","background-position":"center center","background-size":"auto","background-attachment":"scroll","background-type":"","background-media":"","overlay-type":"","overlay-color":"","overlay-gradient":""}}},"product_cat":[24],"product_tag":[],"class_list":{"0":"post-153","1":"product","2":"type-product","3":"status-publish","4":"has-post-thumbnail","6":"product_cat-kumquat","7":"desktop-align-left","8":"tablet-align-left","9":"mobile-align-left","11":"first","12":"outofstock","13":"shipping-taxable","14":"purchasable","15":"product-type-variable"},"jetpack_sharing_enabled":true,"_links":{"self":[{"href":"https:\/\/laforetdessaveurs.fr\/index.php\/wp-json\/wp\/v2\/product\/153","targetHints":{"allow":["GET"]}}],"collection":[{"href":"https:\/\/laforetdessaveurs.fr\/index.php\/wp-json\/wp\/v2\/product"}],"about":[{"href":"https:\/\/laforetdessaveurs.fr\/index.php\/wp-json\/wp\/v2\/types\/product"}],"wp:featuredmedia":[{"embeddable":true,"href":"https:\/\/laforetdessaveurs.fr\/index.php\/wp-json\/wp\/v2\/media\/158"}],"wp:attachment":[{"href":"https:\/\/laforetdessaveurs.fr\/index.php\/wp-json\/wp\/v2\/media?parent=153"}],"wp:term":[{"taxonomy":"product_cat","embeddable":true,"href":"https:\/\/laforetdessaveurs.fr\/index.php\/wp-json\/wp\/v2\/product_cat?post=153"},{"taxonomy":"product_tag","embeddable":true,"href":"https:\/\/laforetdessaveurs.fr\/index.php\/wp-json\/wp\/v2\/product_tag?post=153"}],"curies":[{"name":"wp","href":"https:\/\/api.w.org\/{rel}","templated":true}]}}