{"id":160,"date":"2023-12-27T06:34:30","date_gmt":"2023-12-27T05:34:30","guid":{"rendered":"https:\/\/laforetdessaveurs.fr\/?post_type=product&#038;p=160"},"modified":"2023-12-27T06:37:28","modified_gmt":"2023-12-27T05:37:28","slug":"clemyuz-2-2","status":"publish","type":"product","link":"https:\/\/laforetdessaveurs.fr\/index.php\/produit\/clemyuz-2-2\/","title":{"rendered":"Clemyuz 2-2"},"content":{"rendered":"<h1><\/h1>\n<p><em>Citrus clementina x Citrus junos<\/em><\/p>\n<p>Vari\u00e9t\u00e9 rustique (-12\u00b0C) am\u00e9ricaine r\u00e9sultant d\u2019une hybridation entre une cl\u00e9mentine et un yuzu, il produit un fruit de la taille d\u2019une petite mandarine. La chaire du fruit est juteuse aux notes de yuzu et de cl\u00e9mentine et contient peu de p\u00e9pin. Il arrive \u00e0 maturit\u00e9 en octobre mais peut se r\u00e9colter en vert d\u00e8s septembre et \u00eatre utilis\u00e9 comme un citron.\u00a0 Le fruit est plus pr\u00e9coce et plus doux que la clemyuz 3-3.<\/p>\n","protected":false},"excerpt":{"rendered":"<p>Vari\u00e9t\u00e9 rustique (-12\u00b0C) am\u00e9ricaine r\u00e9sultant d\u2019une hybridation entre une cl\u00e9mentine et un yuzu, il produit un fruit de la taille d\u2019une petite mandarine. La chaire du fruit est juteuse aux notes de yuzu et de cl\u00e9mentine et contient peu de p\u00e9pin. Il arrive \u00e0 maturit\u00e9 en octobre mais peut se r\u00e9colter en vert d\u00e8s septembre et \u00eatre utilis\u00e9 comme un citron.\u00a0 Le fruit est plus pr\u00e9coce et plus doux que la clemyuz 3-3.<\/p>\n","protected":false},"featured_media":0,"template":"","meta":{"site-sidebar-layout":"default","site-content-layout":"","ast-site-content-layout":"default","site-content-style":"default","site-sidebar-style":"default","ast-global-header-display":"","ast-banner-title-visibility":"","ast-main-header-display":"","ast-hfb-above-header-display":"","ast-hfb-below-header-display":"","ast-hfb-mobile-header-display":"","site-post-title":"","ast-breadcrumbs-content":"","ast-featured-img":"","footer-sml-layout":"","theme-transparent-header-meta":"default","adv-header-id-meta":"","stick-header-meta":"","header-above-stick-meta":"","header-main-stick-meta":"","header-below-stick-meta":"","astra-migrate-meta-layouts":"set","ast-page-background-enabled":"default","ast-page-background-meta":{"desktop":{"background-color":"var(--ast-global-color-4)","background-image":"","background-repeat":"repeat","background-position":"center center","background-size":"auto","background-attachment":"scroll","background-type":"","background-media":"","overlay-type":"","overlay-color":"","overlay-gradient":""},"tablet":{"background-color":"","background-image":"","background-repeat":"repeat","background-position":"center center","background-size":"auto","background-attachment":"scroll","background-type":"","background-media":"","overlay-type":"","overlay-color":"","overlay-gradient":""},"mobile":{"background-color":"","background-image":"","background-repeat":"repeat","background-position":"center center","background-size":"auto","background-attachment":"scroll","background-type":"","background-media":"","overlay-type":"","overlay-color":"","overlay-gradient":""}},"ast-content-background-meta":{"desktop":{"background-color":"var(--ast-global-color-5)","background-image":"","background-repeat":"repeat","background-position":"center center","background-size":"auto","background-attachment":"scroll","background-type":"","background-media":"","overlay-type":"","overlay-color":"","overlay-gradient":""},"tablet":{"background-color":"var(--ast-global-color-5)","background-image":"","background-repeat":"repeat","background-position":"center center","background-size":"auto","background-attachment":"scroll","background-type":"","background-media":"","overlay-type":"","overlay-color":"","overlay-gradient":""},"mobile":{"background-color":"var(--ast-global-color-5)","background-image":"","background-repeat":"repeat","background-position":"center center","background-size":"auto","background-attachment":"scroll","background-type":"","background-media":"","overlay-type":"","overlay-color":"","overlay-gradient":""}}},"product_cat":[25],"product_tag":[],"class_list":{"0":"post-160","1":"product","2":"type-product","3":"status-publish","5":"product_cat-clementine-mandarine","6":"desktop-align-left","7":"tablet-align-left","8":"mobile-align-left","10":"first","11":"outofstock","12":"shipping-taxable","13":"purchasable","14":"product-type-variable"},"jetpack_sharing_enabled":true,"_links":{"self":[{"href":"https:\/\/laforetdessaveurs.fr\/index.php\/wp-json\/wp\/v2\/product\/160","targetHints":{"allow":["GET"]}}],"collection":[{"href":"https:\/\/laforetdessaveurs.fr\/index.php\/wp-json\/wp\/v2\/product"}],"about":[{"href":"https:\/\/laforetdessaveurs.fr\/index.php\/wp-json\/wp\/v2\/types\/product"}],"wp:attachment":[{"href":"https:\/\/laforetdessaveurs.fr\/index.php\/wp-json\/wp\/v2\/media?parent=160"}],"wp:term":[{"taxonomy":"product_cat","embeddable":true,"href":"https:\/\/laforetdessaveurs.fr\/index.php\/wp-json\/wp\/v2\/product_cat?post=160"},{"taxonomy":"product_tag","embeddable":true,"href":"https:\/\/laforetdessaveurs.fr\/index.php\/wp-json\/wp\/v2\/product_tag?post=160"}],"curies":[{"name":"wp","href":"https:\/\/api.w.org\/{rel}","templated":true}]}}