{"id":165,"date":"2023-12-27T06:38:15","date_gmt":"2023-12-27T05:38:15","guid":{"rendered":"https:\/\/laforetdessaveurs.fr\/?post_type=product&#038;p=165"},"modified":"2023-12-27T06:41:59","modified_gmt":"2023-12-27T05:41:59","slug":"citrus-lemonade","status":"publish","type":"product","link":"https:\/\/laforetdessaveurs.fr\/index.php\/produit\/citrus-lemonade\/","title":{"rendered":"Citrus Lemonade"},"content":{"rendered":"<p>Le Citron Lemonade, originaire de Nouvelle-Z\u00e9lande, est un agrume unique en son genre. Il s&#8217;agit d&#8217;un croisement entre un citron et une mandarine, offrant un fruit \u00e0 la faible acidit\u00e9 qui a le go\u00fbt de la limonade. V\u00e9ritable perle rare, le citron a la peau fine, parfois parsem\u00e9e de petites taches \u00e0 maturit\u00e9. Son zeste est doux, presque sucr\u00e9, et sa chair d&#8217;un jaune clair a le d\u00e9licieux go\u00fbt de la limonade \u00e0 l&#8217;ancienne, sans la moindre acidit\u00e9. Ses fruits atteignent leur maturit\u00e9 entre novembre et janvier.<\/p>\n","protected":false},"excerpt":{"rendered":"<p>Le Citron Lemonade, originaire de Nouvelle-Z\u00e9lande, est un agrume unique en son genre. Il s&#8217;agit d&#8217;un croisement entre un citron et une mandarine, offrant un fruit \u00e0 la faible acidit\u00e9 qui a le go\u00fbt de la limonade. V\u00e9ritable perle rare, le citron a la peau fine, parfois parsem\u00e9e de petites taches \u00e0 maturit\u00e9. Son zeste est doux, presque sucr\u00e9, et sa chair d&#8217;un jaune clair a le d\u00e9licieux go\u00fbt de la limonade \u00e0 l&#8217;ancienne, sans la moindre acidit\u00e9. Ses fruits atteignent leur maturit\u00e9 entre novembre et janvier.<\/p>\n","protected":false},"featured_media":170,"template":"","meta":{"site-sidebar-layout":"default","site-content-layout":"","ast-site-content-layout":"default","site-content-style":"default","site-sidebar-style":"default","ast-global-header-display":"","ast-banner-title-visibility":"","ast-main-header-display":"","ast-hfb-above-header-display":"","ast-hfb-below-header-display":"","ast-hfb-mobile-header-display":"","site-post-title":"","ast-breadcrumbs-content":"","ast-featured-img":"","footer-sml-layout":"","theme-transparent-header-meta":"default","adv-header-id-meta":"","stick-header-meta":"","header-above-stick-meta":"","header-main-stick-meta":"","header-below-stick-meta":"","astra-migrate-meta-layouts":"set","ast-page-background-enabled":"default","ast-page-background-meta":{"desktop":{"background-color":"var(--ast-global-color-4)","background-image":"","background-repeat":"repeat","background-position":"center center","background-size":"auto","background-attachment":"scroll","background-type":"","background-media":"","overlay-type":"","overlay-color":"","overlay-gradient":""},"tablet":{"background-color":"","background-image":"","background-repeat":"repeat","background-position":"center center","background-size":"auto","background-attachment":"scroll","background-type":"","background-media":"","overlay-type":"","overlay-color":"","overlay-gradient":""},"mobile":{"background-color":"","background-image":"","background-repeat":"repeat","background-position":"center center","background-size":"auto","background-attachment":"scroll","background-type":"","background-media":"","overlay-type":"","overlay-color":"","overlay-gradient":""}},"ast-content-background-meta":{"desktop":{"background-color":"var(--ast-global-color-5)","background-image":"","background-repeat":"repeat","background-position":"center center","background-size":"auto","background-attachment":"scroll","background-type":"","background-media":"","overlay-type":"","overlay-color":"","overlay-gradient":""},"tablet":{"background-color":"var(--ast-global-color-5)","background-image":"","background-repeat":"repeat","background-position":"center center","background-size":"auto","background-attachment":"scroll","background-type":"","background-media":"","overlay-type":"","overlay-color":"","overlay-gradient":""},"mobile":{"background-color":"var(--ast-global-color-5)","background-image":"","background-repeat":"repeat","background-position":"center center","background-size":"auto","background-attachment":"scroll","background-type":"","background-media":"","overlay-type":"","overlay-color":"","overlay-gradient":""}}},"product_cat":[26],"product_tag":[],"class_list":{"0":"post-165","1":"product","2":"type-product","3":"status-publish","4":"has-post-thumbnail","6":"product_cat-citron","7":"desktop-align-left","8":"tablet-align-left","9":"mobile-align-left","11":"first","12":"outofstock","13":"shipping-taxable","14":"purchasable","15":"product-type-variable"},"jetpack_sharing_enabled":true,"_links":{"self":[{"href":"https:\/\/laforetdessaveurs.fr\/index.php\/wp-json\/wp\/v2\/product\/165","targetHints":{"allow":["GET"]}}],"collection":[{"href":"https:\/\/laforetdessaveurs.fr\/index.php\/wp-json\/wp\/v2\/product"}],"about":[{"href":"https:\/\/laforetdessaveurs.fr\/index.php\/wp-json\/wp\/v2\/types\/product"}],"wp:featuredmedia":[{"embeddable":true,"href":"https:\/\/laforetdessaveurs.fr\/index.php\/wp-json\/wp\/v2\/media\/170"}],"wp:attachment":[{"href":"https:\/\/laforetdessaveurs.fr\/index.php\/wp-json\/wp\/v2\/media?parent=165"}],"wp:term":[{"taxonomy":"product_cat","embeddable":true,"href":"https:\/\/laforetdessaveurs.fr\/index.php\/wp-json\/wp\/v2\/product_cat?post=165"},{"taxonomy":"product_tag","embeddable":true,"href":"https:\/\/laforetdessaveurs.fr\/index.php\/wp-json\/wp\/v2\/product_tag?post=165"}],"curies":[{"name":"wp","href":"https:\/\/api.w.org\/{rel}","templated":true}]}}