{"id":171,"date":"2023-12-27T07:53:04","date_gmt":"2023-12-27T06:53:04","guid":{"rendered":"https:\/\/laforetdessaveurs.fr\/?post_type=product&#038;p=171"},"modified":"2023-12-27T08:35:48","modified_gmt":"2023-12-27T07:35:48","slug":"citron-eureka","status":"publish","type":"product","link":"https:\/\/laforetdessaveurs.fr\/index.php\/produit\/citron-eureka\/","title":{"rendered":"Citron Eureka"},"content":{"rendered":"<h1><\/h1>\n<p><em>Citrus limon<\/em><\/p>\n<p>&nbsp;<\/p>\n<p>Le citronnier &#8216;Eureka&#8217;, est un 4 saisons vigoureux qui peut atteindre une hauteur de 5 m\u00e8tres \u00e0 l&#8217;\u00e2ge adulte. Il se distingue par sa grande productivit\u00e9, pouvant produire jusqu&#8217;\u00e0 100 kg de citrons. Ce citronnier conna\u00eet deux p\u00e9riodes de floraison intense au printemps et en automne, mais il produit \u00e9galement quelques fleurs presque toute l&#8217;ann\u00e9e, assurant une r\u00e9colte r\u00e9guli\u00e8re. Les fruits, d&#8217;un jaune vif, peuvent \u00eatre assez volumineux lorsque l&#8217;arbre est bien nourri. Leurs zestes sont tr\u00e8s aromatiques, d\u00e9gageant un parfum remarquable, tandis que le jus est acidul\u00e9. Il est r\u00e9put\u00e9 pour sa capacit\u00e9 \u00e0 fleurir et \u00e0 fructifier tout au long de l&#8217;ann\u00e9e s&#8217;il est prot\u00e9g\u00e9 du gel.<\/p>\n","protected":false},"excerpt":{"rendered":"<p>Le citronnier &#8216;Eureka&#8217;, est un 4 saisons vigoureux qui peut atteindre une hauteur de 5 m\u00e8tres \u00e0 l&#8217;\u00e2ge adulte. Il se distingue par sa grande productivit\u00e9, pouvant produire jusqu&#8217;\u00e0 100 kg de citrons. Ce citronnier conna\u00eet deux p\u00e9riodes de floraison intense au printemps et en automne, mais il produit \u00e9galement quelques fleurs presque toute l&#8217;ann\u00e9e, assurant une r\u00e9colte r\u00e9guli\u00e8re. Les fruits, d&#8217;un jaune vif, peuvent \u00eatre assez volumineux lorsque l&#8217;arbre est bien nourri. Leurs zestes sont tr\u00e8s aromatiques, d\u00e9gageant un parfum remarquable, tandis que le jus est acidul\u00e9. Il est r\u00e9put\u00e9 pour sa capacit\u00e9 \u00e0 fleurir et \u00e0 fructifier tout au long de l&#8217;ann\u00e9e s&#8217;il est prot\u00e9g\u00e9 du gel.<\/p>\n","protected":false},"featured_media":176,"template":"","meta":{"site-sidebar-layout":"default","site-content-layout":"","ast-site-content-layout":"default","site-content-style":"default","site-sidebar-style":"default","ast-global-header-display":"","ast-banner-title-visibility":"","ast-main-header-display":"","ast-hfb-above-header-display":"","ast-hfb-below-header-display":"","ast-hfb-mobile-header-display":"","site-post-title":"","ast-breadcrumbs-content":"","ast-featured-img":"","footer-sml-layout":"","theme-transparent-header-meta":"default","adv-header-id-meta":"","stick-header-meta":"","header-above-stick-meta":"","header-main-stick-meta":"","header-below-stick-meta":"","astra-migrate-meta-layouts":"set","ast-page-background-enabled":"default","ast-page-background-meta":{"desktop":{"background-color":"var(--ast-global-color-4)","background-image":"","background-repeat":"repeat","background-position":"center center","background-size":"auto","background-attachment":"scroll","background-type":"","background-media":"","overlay-type":"","overlay-color":"","overlay-gradient":""},"tablet":{"background-color":"","background-image":"","background-repeat":"repeat","background-position":"center center","background-size":"auto","background-attachment":"scroll","background-type":"","background-media":"","overlay-type":"","overlay-color":"","overlay-gradient":""},"mobile":{"background-color":"","background-image":"","background-repeat":"repeat","background-position":"center center","background-size":"auto","background-attachment":"scroll","background-type":"","background-media":"","overlay-type":"","overlay-color":"","overlay-gradient":""}},"ast-content-background-meta":{"desktop":{"background-color":"var(--ast-global-color-5)","background-image":"","background-repeat":"repeat","background-position":"center center","background-size":"auto","background-attachment":"scroll","background-type":"","background-media":"","overlay-type":"","overlay-color":"","overlay-gradient":""},"tablet":{"background-color":"var(--ast-global-color-5)","background-image":"","background-repeat":"repeat","background-position":"center center","background-size":"auto","background-attachment":"scroll","background-type":"","background-media":"","overlay-type":"","overlay-color":"","overlay-gradient":""},"mobile":{"background-color":"var(--ast-global-color-5)","background-image":"","background-repeat":"repeat","background-position":"center center","background-size":"auto","background-attachment":"scroll","background-type":"","background-media":"","overlay-type":"","overlay-color":"","overlay-gradient":""}}},"product_cat":[26],"product_tag":[],"class_list":{"0":"post-171","1":"product","2":"type-product","3":"status-publish","4":"has-post-thumbnail","6":"product_cat-citron","7":"desktop-align-left","8":"tablet-align-left","9":"mobile-align-left","11":"first","12":"outofstock","13":"shipping-taxable","14":"purchasable","15":"product-type-variable"},"jetpack_sharing_enabled":true,"_links":{"self":[{"href":"https:\/\/laforetdessaveurs.fr\/index.php\/wp-json\/wp\/v2\/product\/171","targetHints":{"allow":["GET"]}}],"collection":[{"href":"https:\/\/laforetdessaveurs.fr\/index.php\/wp-json\/wp\/v2\/product"}],"about":[{"href":"https:\/\/laforetdessaveurs.fr\/index.php\/wp-json\/wp\/v2\/types\/product"}],"wp:featuredmedia":[{"embeddable":true,"href":"https:\/\/laforetdessaveurs.fr\/index.php\/wp-json\/wp\/v2\/media\/176"}],"wp:attachment":[{"href":"https:\/\/laforetdessaveurs.fr\/index.php\/wp-json\/wp\/v2\/media?parent=171"}],"wp:term":[{"taxonomy":"product_cat","embeddable":true,"href":"https:\/\/laforetdessaveurs.fr\/index.php\/wp-json\/wp\/v2\/product_cat?post=171"},{"taxonomy":"product_tag","embeddable":true,"href":"https:\/\/laforetdessaveurs.fr\/index.php\/wp-json\/wp\/v2\/product_tag?post=171"}],"curies":[{"name":"wp","href":"https:\/\/api.w.org\/{rel}","templated":true}]}}