{"id":177,"date":"2023-12-27T08:36:16","date_gmt":"2023-12-27T07:36:16","guid":{"rendered":"https:\/\/laforetdessaveurs.fr\/?post_type=product&#038;p=177"},"modified":"2023-12-27T08:43:55","modified_gmt":"2023-12-27T07:43:55","slug":"limequat-tavares","status":"publish","type":"product","link":"https:\/\/laforetdessaveurs.fr\/index.php\/produit\/limequat-tavares\/","title":{"rendered":"Limequat Tavares"},"content":{"rendered":"<h1><\/h1>\n<div class=\"rey-productTitle-wrapper\"><i id=\"product-subtitle-3149\" class=\"product-subtitle subtitle-3149\">Citrofortunella &#8216;Tavares&#8217;<\/i><\/div>\n<p class=\"price\">\n<p>Le Limequat &#8220;Tavares&#8221; est un arbuste moyennement vigoureux, mais incroyablement productif, avec une floraison principale entre juillet et ao\u00fbt et une capacit\u00e9 \u00e0 produire des fruits plusieurs fois par an \u00e0 l&#8217;\u00e2ge adulte. Ses fruits ressemblent \u00e0 de gros kumquats allong\u00e9s, m\u00fbrissant en jaune, mais ils peuvent \u00e9galement \u00eatre consomm\u00e9s verts. Leur zeste est fortement aromatique et doux, \u00e9voquant le kumquat, tandis que l&#8217;\u00e9corce est fine, et la pulpe dense et juteuse rappelle la lime du Mexique avec des notes \u00e9pic\u00e9es. Rustique jusqu&#8217;\u00e0 -9\u00b0C, il constitue une alternative aux limes, id\u00e9ale pour les cocktails ou les confitures, offrant le meilleur des deux mondes en combinant le parfum du kumquat \u00e0 l&#8217;acidit\u00e9 rafra\u00eechissante de la lime, que vous pouvez savourer cru ou dans diverses pr\u00e9parations culinaires.<\/p>\n","protected":false},"excerpt":{"rendered":"<p>Le Limequat &#8220;Tavares&#8221; est un arbuste moyennement vigoureux, mais incroyablement productif, avec une floraison principale entre juillet et ao\u00fbt et une capacit\u00e9 \u00e0 produire des fruits plusieurs fois par an \u00e0 l&#8217;\u00e2ge adulte. Ses fruits ressemblent \u00e0 de gros kumquats allong\u00e9s, m\u00fbrissant en jaune, mais ils peuvent \u00e9galement \u00eatre consomm\u00e9s verts. Leur zeste est fortement aromatique et doux, \u00e9voquant le kumquat, tandis que l&#8217;\u00e9corce est fine, et la pulpe dense et juteuse rappelle la lime du Mexique avec des notes \u00e9pic\u00e9es. Rustique jusqu&#8217;\u00e0 -9\u00b0C, il constitue une alternative aux limes, id\u00e9ale pour les cocktails ou les confitures, offrant le meilleur des deux mondes en combinant le parfum du kumquat \u00e0 l&#8217;acidit\u00e9 rafra\u00eechissante de la lime, que vous pouvez savourer cru ou dans diverses pr\u00e9parations culinaires.<\/p>\n","protected":false},"featured_media":182,"template":"","meta":{"site-sidebar-layout":"default","site-content-layout":"","ast-site-content-layout":"default","site-content-style":"default","site-sidebar-style":"default","ast-global-header-display":"","ast-banner-title-visibility":"","ast-main-header-display":"","ast-hfb-above-header-display":"","ast-hfb-below-header-display":"","ast-hfb-mobile-header-display":"","site-post-title":"","ast-breadcrumbs-content":"","ast-featured-img":"","footer-sml-layout":"","theme-transparent-header-meta":"default","adv-header-id-meta":"","stick-header-meta":"","header-above-stick-meta":"","header-main-stick-meta":"","header-below-stick-meta":"","astra-migrate-meta-layouts":"set","ast-page-background-enabled":"default","ast-page-background-meta":{"desktop":{"background-color":"var(--ast-global-color-4)","background-image":"","background-repeat":"repeat","background-position":"center center","background-size":"auto","background-attachment":"scroll","background-type":"","background-media":"","overlay-type":"","overlay-color":"","overlay-gradient":""},"tablet":{"background-color":"","background-image":"","background-repeat":"repeat","background-position":"center center","background-size":"auto","background-attachment":"scroll","background-type":"","background-media":"","overlay-type":"","overlay-color":"","overlay-gradient":""},"mobile":{"background-color":"","background-image":"","background-repeat":"repeat","background-position":"center center","background-size":"auto","background-attachment":"scroll","background-type":"","background-media":"","overlay-type":"","overlay-color":"","overlay-gradient":""}},"ast-content-background-meta":{"desktop":{"background-color":"var(--ast-global-color-5)","background-image":"","background-repeat":"repeat","background-position":"center center","background-size":"auto","background-attachment":"scroll","background-type":"","background-media":"","overlay-type":"","overlay-color":"","overlay-gradient":""},"tablet":{"background-color":"var(--ast-global-color-5)","background-image":"","background-repeat":"repeat","background-position":"center center","background-size":"auto","background-attachment":"scroll","background-type":"","background-media":"","overlay-type":"","overlay-color":"","overlay-gradient":""},"mobile":{"background-color":"var(--ast-global-color-5)","background-image":"","background-repeat":"repeat","background-position":"center center","background-size":"auto","background-attachment":"scroll","background-type":"","background-media":"","overlay-type":"","overlay-color":"","overlay-gradient":""}}},"product_cat":[24],"product_tag":[],"class_list":{"0":"post-177","1":"product","2":"type-product","3":"status-publish","4":"has-post-thumbnail","6":"product_cat-kumquat","7":"desktop-align-left","8":"tablet-align-left","9":"mobile-align-left","11":"first","12":"outofstock","13":"shipping-taxable","14":"purchasable","15":"product-type-variable"},"jetpack_sharing_enabled":true,"_links":{"self":[{"href":"https:\/\/laforetdessaveurs.fr\/index.php\/wp-json\/wp\/v2\/product\/177","targetHints":{"allow":["GET"]}}],"collection":[{"href":"https:\/\/laforetdessaveurs.fr\/index.php\/wp-json\/wp\/v2\/product"}],"about":[{"href":"https:\/\/laforetdessaveurs.fr\/index.php\/wp-json\/wp\/v2\/types\/product"}],"wp:featuredmedia":[{"embeddable":true,"href":"https:\/\/laforetdessaveurs.fr\/index.php\/wp-json\/wp\/v2\/media\/182"}],"wp:attachment":[{"href":"https:\/\/laforetdessaveurs.fr\/index.php\/wp-json\/wp\/v2\/media?parent=177"}],"wp:term":[{"taxonomy":"product_cat","embeddable":true,"href":"https:\/\/laforetdessaveurs.fr\/index.php\/wp-json\/wp\/v2\/product_cat?post=177"},{"taxonomy":"product_tag","embeddable":true,"href":"https:\/\/laforetdessaveurs.fr\/index.php\/wp-json\/wp\/v2\/product_tag?post=177"}],"curies":[{"name":"wp","href":"https:\/\/api.w.org\/{rel}","templated":true}]}}