{"id":189,"date":"2023-12-27T15:53:12","date_gmt":"2023-12-27T14:53:12","guid":{"rendered":"https:\/\/laforetdessaveurs.fr\/?post_type=product&#038;p=189"},"modified":"2023-12-27T16:08:42","modified_gmt":"2023-12-27T15:08:42","slug":"cedrat-corse","status":"publish","type":"product","link":"https:\/\/laforetdessaveurs.fr\/index.php\/produit\/cedrat-corse\/","title":{"rendered":"C\u00e9drat Corse"},"content":{"rendered":"<div class=\"rey-productTitle-wrapper\">\n<p><em>Citrus medica<\/em><\/p>\n<p>Le c\u00e9drat de Corse, vari\u00e9t\u00e9 exceptionnelle, s\u00e9duit par sa taille imposante, parfois jusqu&#8217;\u00e0 un kilo, et sa polyvalence dans divers terroirs. Le c\u00e9dratier corse, vigoureux et productif, offre des fruits au zeste fin, peu amer mais intens\u00e9ment aromatique. Id\u00e9al pour confitures, marmelades et plats sal\u00e9s, il r\u00e9v\u00e8le une pulpe douce parfaite pour le zesting de desserts. Cultivable en pot, son parfum envo\u00fbtant embaume l&#8217;espace o\u00f9 il est conserv\u00e9. Une exp\u00e9rience gustative unique, entre douceur et finesse.<\/p>\n<p>Rusticit\u00e9\u00a0: -3\u00b0C \/ -4\u00b0C<\/p>\n<p>R\u00e9colte\u00a0: Nov-janvier<\/p>\n<\/div>\n","protected":false},"excerpt":{"rendered":"<p>Le c\u00e9drat de Corse, vari\u00e9t\u00e9 exceptionnelle, s\u00e9duit par sa taille imposante, parfois jusqu&#8217;\u00e0 un kilo, et sa polyvalence dans divers terroirs. Le c\u00e9dratier corse, vigoureux et productif, offre des fruits au zeste fin, peu amer mais intens\u00e9ment aromatique. Id\u00e9al pour confitures, marmelades et plats sal\u00e9s. Cultivable en pot, son parfum envo\u00fbtant embaume l&#8217;espace o\u00f9 il est conserv\u00e9. Une exp\u00e9rience gustative unique, entre douceur et finesse.<\/p>\n","protected":false},"featured_media":194,"template":"","meta":{"site-sidebar-layout":"default","site-content-layout":"","ast-site-content-layout":"default","site-content-style":"default","site-sidebar-style":"default","ast-global-header-display":"","ast-banner-title-visibility":"","ast-main-header-display":"","ast-hfb-above-header-display":"","ast-hfb-below-header-display":"","ast-hfb-mobile-header-display":"","site-post-title":"","ast-breadcrumbs-content":"","ast-featured-img":"","footer-sml-layout":"","theme-transparent-header-meta":"default","adv-header-id-meta":"","stick-header-meta":"","header-above-stick-meta":"","header-main-stick-meta":"","header-below-stick-meta":"","astra-migrate-meta-layouts":"set","ast-page-background-enabled":"default","ast-page-background-meta":{"desktop":{"background-color":"var(--ast-global-color-4)","background-image":"","background-repeat":"repeat","background-position":"center center","background-size":"auto","background-attachment":"scroll","background-type":"","background-media":"","overlay-type":"","overlay-color":"","overlay-gradient":""},"tablet":{"background-color":"","background-image":"","background-repeat":"repeat","background-position":"center center","background-size":"auto","background-attachment":"scroll","background-type":"","background-media":"","overlay-type":"","overlay-color":"","overlay-gradient":""},"mobile":{"background-color":"","background-image":"","background-repeat":"repeat","background-position":"center center","background-size":"auto","background-attachment":"scroll","background-type":"","background-media":"","overlay-type":"","overlay-color":"","overlay-gradient":""}},"ast-content-background-meta":{"desktop":{"background-color":"var(--ast-global-color-5)","background-image":"","background-repeat":"repeat","background-position":"center center","background-size":"auto","background-attachment":"scroll","background-type":"","background-media":"","overlay-type":"","overlay-color":"","overlay-gradient":""},"tablet":{"background-color":"var(--ast-global-color-5)","background-image":"","background-repeat":"repeat","background-position":"center center","background-size":"auto","background-attachment":"scroll","background-type":"","background-media":"","overlay-type":"","overlay-color":"","overlay-gradient":""},"mobile":{"background-color":"var(--ast-global-color-5)","background-image":"","background-repeat":"repeat","background-position":"center center","background-size":"auto","background-attachment":"scroll","background-type":"","background-media":"","overlay-type":"","overlay-color":"","overlay-gradient":""}}},"product_cat":[19],"product_tag":[],"class_list":{"0":"post-189","1":"product","2":"type-product","3":"status-publish","4":"has-post-thumbnail","6":"product_cat-cedrats","7":"desktop-align-left","8":"tablet-align-left","9":"mobile-align-left","11":"first","12":"outofstock","13":"shipping-taxable","14":"purchasable","15":"product-type-variable"},"jetpack_sharing_enabled":true,"_links":{"self":[{"href":"https:\/\/laforetdessaveurs.fr\/index.php\/wp-json\/wp\/v2\/product\/189","targetHints":{"allow":["GET"]}}],"collection":[{"href":"https:\/\/laforetdessaveurs.fr\/index.php\/wp-json\/wp\/v2\/product"}],"about":[{"href":"https:\/\/laforetdessaveurs.fr\/index.php\/wp-json\/wp\/v2\/types\/product"}],"wp:featuredmedia":[{"embeddable":true,"href":"https:\/\/laforetdessaveurs.fr\/index.php\/wp-json\/wp\/v2\/media\/194"}],"wp:attachment":[{"href":"https:\/\/laforetdessaveurs.fr\/index.php\/wp-json\/wp\/v2\/media?parent=189"}],"wp:term":[{"taxonomy":"product_cat","embeddable":true,"href":"https:\/\/laforetdessaveurs.fr\/index.php\/wp-json\/wp\/v2\/product_cat?post=189"},{"taxonomy":"product_tag","embeddable":true,"href":"https:\/\/laforetdessaveurs.fr\/index.php\/wp-json\/wp\/v2\/product_tag?post=189"}],"curies":[{"name":"wp","href":"https:\/\/api.w.org\/{rel}","templated":true}]}}