{"id":214,"date":"2023-12-28T06:55:44","date_gmt":"2023-12-28T05:55:44","guid":{"rendered":"https:\/\/laforetdessaveurs.fr\/?post_type=product&#038;p=214"},"modified":"2023-12-28T07:08:12","modified_gmt":"2023-12-28T06:08:12","slug":"tangelo-subarachi-shiranui","status":"publish","type":"product","link":"https:\/\/laforetdessaveurs.fr\/index.php\/produit\/tangelo-subarachi-shiranui\/","title":{"rendered":"Tangelo Subarachi \/ Shiranui"},"content":{"rendered":"<div class=\"rey-productTitle-wrapper\">\n<p><em>Citrus x tangor<\/em><\/p>\n<p>Le Tangelo Subarachi, \u00e9galement connu sous le nom de Tangelo Shiranui, est un hybride vigoureux et tr\u00e8s productif, d\u00e9couvert au Japon dans les ann\u00e9es 1970. Le fruit, le D\u00e9kopon, d&#8217;un orange vif, pr\u00e9sente une \u00e9corce extr\u00eamement aromatique rappelant la mandarine et la fleur d&#8217;oranger. La pulpe ferme et juteuse, sans p\u00e9pins, offre une douceur exceptionnelle. \u00c0 maturit\u00e9 d\u00e8s novembre, les tangelos peuvent rester sur l&#8217;arbre jusqu&#8217;en mai\/juin pour une saveur encore plus douce.<\/p>\n<p>Rusticit\u00e9\u00a0: -8\u00b0C<\/p>\n<p>R\u00e9colte\u00a0: novembre \u00e0 mai<\/p>\n<\/div>\n","protected":false},"excerpt":{"rendered":"<p>Le Tangelo Subarachi, \u00e9galement connu sous le nom de Tangelo Shiranui, est un hybride vigoureux et tr\u00e8s productif, d\u00e9couvert au Japon dans les ann\u00e9es 1970. Le fruit, le D\u00e9kopon, d&#8217;un orange vif, pr\u00e9sente une \u00e9corce extr\u00eamement aromatique rappelant la mandarine et la fleur d&#8217;oranger. La pulpe ferme et juteuse, sans p\u00e9pins, offre une douceur exceptionnelle. \u00c0 maturit\u00e9 d\u00e8s novembre, les tangelos peuvent rester sur l&#8217;arbre jusqu&#8217;en mai\/juin pour une saveur encore plus douce.<\/p>\n","protected":false},"featured_media":219,"template":"","meta":{"site-sidebar-layout":"default","site-content-layout":"","ast-site-content-layout":"default","site-content-style":"default","site-sidebar-style":"default","ast-global-header-display":"","ast-banner-title-visibility":"","ast-main-header-display":"","ast-hfb-above-header-display":"","ast-hfb-below-header-display":"","ast-hfb-mobile-header-display":"","site-post-title":"","ast-breadcrumbs-content":"","ast-featured-img":"","footer-sml-layout":"","theme-transparent-header-meta":"default","adv-header-id-meta":"","stick-header-meta":"","header-above-stick-meta":"","header-main-stick-meta":"","header-below-stick-meta":"","astra-migrate-meta-layouts":"set","ast-page-background-enabled":"default","ast-page-background-meta":{"desktop":{"background-color":"var(--ast-global-color-4)","background-image":"","background-repeat":"repeat","background-position":"center center","background-size":"auto","background-attachment":"scroll","background-type":"","background-media":"","overlay-type":"","overlay-color":"","overlay-gradient":""},"tablet":{"background-color":"","background-image":"","background-repeat":"repeat","background-position":"center center","background-size":"auto","background-attachment":"scroll","background-type":"","background-media":"","overlay-type":"","overlay-color":"","overlay-gradient":""},"mobile":{"background-color":"","background-image":"","background-repeat":"repeat","background-position":"center center","background-size":"auto","background-attachment":"scroll","background-type":"","background-media":"","overlay-type":"","overlay-color":"","overlay-gradient":""}},"ast-content-background-meta":{"desktop":{"background-color":"var(--ast-global-color-5)","background-image":"","background-repeat":"repeat","background-position":"center center","background-size":"auto","background-attachment":"scroll","background-type":"","background-media":"","overlay-type":"","overlay-color":"","overlay-gradient":""},"tablet":{"background-color":"var(--ast-global-color-5)","background-image":"","background-repeat":"repeat","background-position":"center center","background-size":"auto","background-attachment":"scroll","background-type":"","background-media":"","overlay-type":"","overlay-color":"","overlay-gradient":""},"mobile":{"background-color":"var(--ast-global-color-5)","background-image":"","background-repeat":"repeat","background-position":"center center","background-size":"auto","background-attachment":"scroll","background-type":"","background-media":"","overlay-type":"","overlay-color":"","overlay-gradient":""}}},"product_cat":[25],"product_tag":[],"class_list":{"0":"post-214","1":"product","2":"type-product","3":"status-publish","4":"has-post-thumbnail","6":"product_cat-clementine-mandarine","7":"desktop-align-left","8":"tablet-align-left","9":"mobile-align-left","11":"first","12":"outofstock","13":"shipping-taxable","14":"purchasable","15":"product-type-variable"},"jetpack_sharing_enabled":true,"_links":{"self":[{"href":"https:\/\/laforetdessaveurs.fr\/index.php\/wp-json\/wp\/v2\/product\/214","targetHints":{"allow":["GET"]}}],"collection":[{"href":"https:\/\/laforetdessaveurs.fr\/index.php\/wp-json\/wp\/v2\/product"}],"about":[{"href":"https:\/\/laforetdessaveurs.fr\/index.php\/wp-json\/wp\/v2\/types\/product"}],"wp:featuredmedia":[{"embeddable":true,"href":"https:\/\/laforetdessaveurs.fr\/index.php\/wp-json\/wp\/v2\/media\/219"}],"wp:attachment":[{"href":"https:\/\/laforetdessaveurs.fr\/index.php\/wp-json\/wp\/v2\/media?parent=214"}],"wp:term":[{"taxonomy":"product_cat","embeddable":true,"href":"https:\/\/laforetdessaveurs.fr\/index.php\/wp-json\/wp\/v2\/product_cat?post=214"},{"taxonomy":"product_tag","embeddable":true,"href":"https:\/\/laforetdessaveurs.fr\/index.php\/wp-json\/wp\/v2\/product_tag?post=214"}],"curies":[{"name":"wp","href":"https:\/\/api.w.org\/{rel}","templated":true}]}}