{"id":220,"date":"2023-12-28T07:14:07","date_gmt":"2023-12-28T06:14:07","guid":{"rendered":"https:\/\/laforetdessaveurs.fr\/?post_type=product&#038;p=220"},"modified":"2023-12-28T08:05:29","modified_gmt":"2023-12-28T07:05:29","slug":"sudachi","status":"publish","type":"product","link":"https:\/\/laforetdessaveurs.fr\/index.php\/produit\/sudachi\/","title":{"rendered":"Sudachi"},"content":{"rendered":"<div class=\"rey-productTitle-wrapper\">\n<p><em>Citrus sudachi<\/em><\/p>\n<p>Le Sudachi, agrume japonais issu d&#8217;un arbre vigoureux et r\u00e9sistant au froid, offrent des fruits de petite taille, rappelant un tout petit yuzu, \u00e0 la saveur acidul\u00e9e et \u00e9l\u00e9gante. Souvent utilis\u00e9 dans la cuisine japonaise, le Sudachi, \u00e9voque un go\u00fbt entre le citron vert et le yuzu avec une touche sucr\u00e9e. Ses petits citrons, d&#8217;environ 4 \u00e0 6 cm de diam\u00e8tre, sont verts \u00e0 la r\u00e9colte, tournant ensuite au jaune. Recherch\u00e9 pour son jus parfum\u00e9, notamment dans les plats de poissons et les bouillons asiatiques, le Sudachi, avec sa rusticit\u00e9 int\u00e9ressante (-10 \u00e0 -12\u00b0C), peut \u00eatre cultiv\u00e9 en pleine terre dans diverses r\u00e9gions.<\/p>\n<p>Rusticit\u00e9 : -12\u00b0C<\/p>\n<p>R\u00e9colte : octobre \u00e0 d\u00e9cembre<\/p>\n<\/div>\n","protected":false},"excerpt":{"rendered":"<p>Le Sudachi, agrume japonais issu d&#8217;un arbre vigoureux et r\u00e9sistant au froid, offrent des fruits de petite taille, rappelant un tout petit yuzu, \u00e0 la saveur acidul\u00e9e et \u00e9l\u00e9gante. Souvent utilis\u00e9 dans la cuisine japonaise, le Sudachi, \u00e9voque un go\u00fbt entre le citron vert et le yuzu avec une touche sucr\u00e9e. Ses petits citrons, d&#8217;environ 4 \u00e0 6 cm de diam\u00e8tre, sont verts \u00e0 la r\u00e9colte, tournant ensuite au jaune. Recherch\u00e9 pour son jus parfum\u00e9, notamment dans les plats de poissons et les bouillons asiatiques, le Sudachi, avec sa rusticit\u00e9 int\u00e9ressante (-10 \u00e0 -12\u00b0C), peut \u00eatre cultiv\u00e9 en pleine terre dans diverses r\u00e9gions.<\/p>\n","protected":false},"featured_media":225,"template":"","meta":{"site-sidebar-layout":"default","site-content-layout":"","ast-site-content-layout":"default","site-content-style":"default","site-sidebar-style":"default","ast-global-header-display":"","ast-banner-title-visibility":"","ast-main-header-display":"","ast-hfb-above-header-display":"","ast-hfb-below-header-display":"","ast-hfb-mobile-header-display":"","site-post-title":"","ast-breadcrumbs-content":"","ast-featured-img":"","footer-sml-layout":"","theme-transparent-header-meta":"default","adv-header-id-meta":"","stick-header-meta":"","header-above-stick-meta":"","header-main-stick-meta":"","header-below-stick-meta":"","astra-migrate-meta-layouts":"set","ast-page-background-enabled":"default","ast-page-background-meta":{"desktop":{"background-color":"var(--ast-global-color-4)","background-image":"","background-repeat":"repeat","background-position":"center center","background-size":"auto","background-attachment":"scroll","background-type":"","background-media":"","overlay-type":"","overlay-color":"","overlay-gradient":""},"tablet":{"background-color":"","background-image":"","background-repeat":"repeat","background-position":"center center","background-size":"auto","background-attachment":"scroll","background-type":"","background-media":"","overlay-type":"","overlay-color":"","overlay-gradient":""},"mobile":{"background-color":"","background-image":"","background-repeat":"repeat","background-position":"center center","background-size":"auto","background-attachment":"scroll","background-type":"","background-media":"","overlay-type":"","overlay-color":"","overlay-gradient":""}},"ast-content-background-meta":{"desktop":{"background-color":"var(--ast-global-color-5)","background-image":"","background-repeat":"repeat","background-position":"center center","background-size":"auto","background-attachment":"scroll","background-type":"","background-media":"","overlay-type":"","overlay-color":"","overlay-gradient":""},"tablet":{"background-color":"var(--ast-global-color-5)","background-image":"","background-repeat":"repeat","background-position":"center center","background-size":"auto","background-attachment":"scroll","background-type":"","background-media":"","overlay-type":"","overlay-color":"","overlay-gradient":""},"mobile":{"background-color":"var(--ast-global-color-5)","background-image":"","background-repeat":"repeat","background-position":"center center","background-size":"auto","background-attachment":"scroll","background-type":"","background-media":"","overlay-type":"","overlay-color":"","overlay-gradient":""}}},"product_cat":[21],"product_tag":[],"class_list":{"0":"post-220","1":"product","2":"type-product","3":"status-publish","4":"has-post-thumbnail","6":"product_cat-yuzu-et-papeda","7":"desktop-align-left","8":"tablet-align-left","9":"mobile-align-left","11":"first","12":"outofstock","13":"shipping-taxable","14":"purchasable","15":"product-type-variable"},"jetpack_sharing_enabled":true,"_links":{"self":[{"href":"https:\/\/laforetdessaveurs.fr\/index.php\/wp-json\/wp\/v2\/product\/220","targetHints":{"allow":["GET"]}}],"collection":[{"href":"https:\/\/laforetdessaveurs.fr\/index.php\/wp-json\/wp\/v2\/product"}],"about":[{"href":"https:\/\/laforetdessaveurs.fr\/index.php\/wp-json\/wp\/v2\/types\/product"}],"wp:featuredmedia":[{"embeddable":true,"href":"https:\/\/laforetdessaveurs.fr\/index.php\/wp-json\/wp\/v2\/media\/225"}],"wp:attachment":[{"href":"https:\/\/laforetdessaveurs.fr\/index.php\/wp-json\/wp\/v2\/media?parent=220"}],"wp:term":[{"taxonomy":"product_cat","embeddable":true,"href":"https:\/\/laforetdessaveurs.fr\/index.php\/wp-json\/wp\/v2\/product_cat?post=220"},{"taxonomy":"product_tag","embeddable":true,"href":"https:\/\/laforetdessaveurs.fr\/index.php\/wp-json\/wp\/v2\/product_tag?post=220"}],"curies":[{"name":"wp","href":"https:\/\/api.w.org\/{rel}","templated":true}]}}