{"id":227,"date":"2023-12-28T08:07:16","date_gmt":"2023-12-28T07:07:16","guid":{"rendered":"https:\/\/laforetdessaveurs.fr\/?post_type=product&#038;p=227"},"modified":"2023-12-28T18:10:34","modified_gmt":"2023-12-28T17:10:34","slug":"kabosu","status":"publish","type":"product","link":"https:\/\/laforetdessaveurs.fr\/index.php\/produit\/kabosu\/","title":{"rendered":"Kabosu"},"content":{"rendered":"<div class=\"rey-productTitle-wrapper\">\n<div class=\"rey-productTitle-wrapper\"><i id=\"product-subtitle-3401\" class=\"product-subtitle subtitle-3401\">Citrus sphaerocarpa<\/i><\/div>\n<div><\/div>\n<p>Arbre vigoureux et r\u00e9sistant au froid (-12\u00b0), le Kabosu est originaire de l\u2019\u00eele de Kyushu au Japon. Ce fruit, similaire \u00e0 un petit yuzu moins bossel\u00e9 (80g env.), pr\u00e9sente un zeste d&#8217;une extr\u00eame aromaticit\u00e9, offrant des notes complexes et \u00e9l\u00e9gantes entre mandarine et lime. Avec moins de p\u00e9pins que le yuzu et un pourcentage de jus plus \u00e9lev\u00e9, le Kabosu d\u00e9livre un jus \u00e0 la fois acidul\u00e9 et salin, conf\u00e9rant un go\u00fbt iod\u00e9 unique. R\u00e9colt\u00e9 g\u00e9n\u00e9ralement avant la pleine maturit\u00e9, son jus est utilis\u00e9 pour aromatiser poissons, viandes grill\u00e9es, poisson cru, ou pour confectionner la sauce ponzu.<\/p>\n<p>Rusticit\u00e9 : -14\u00b0C<\/p>\n<p>R\u00e9colte : octobre \u00e0 d\u00e9cembre<\/p>\n<\/div>\n","protected":false},"excerpt":{"rendered":"<p>Arbre vigoureux et r\u00e9sistant au froid (-12\u00b0), le Kabosu est originaire de l\u2019\u00eele de Kyushu au Japon. Ce fruit, similaire \u00e0 un petit yuzu moins bossel\u00e9 (80g env.), pr\u00e9sente un zeste d&#8217;une extr\u00eame aromaticit\u00e9, offrant des notes complexes et \u00e9l\u00e9gantes entre mandarine et lime. Avec moins de p\u00e9pins que le yuzu et un pourcentage de jus plus \u00e9lev\u00e9, le Kabosu d\u00e9livre un jus \u00e0 la fois acidul\u00e9 et salin, conf\u00e9rant un go\u00fbt iod\u00e9 unique. R\u00e9colt\u00e9 g\u00e9n\u00e9ralement avant la pleine maturit\u00e9, son jus est utilis\u00e9 pour aromatiser poissons, viandes grill\u00e9es, poisson cru, ou pour confectionner la sauce ponzu.<\/p>\n","protected":false},"featured_media":232,"template":"","meta":{"site-sidebar-layout":"default","site-content-layout":"","ast-site-content-layout":"default","site-content-style":"default","site-sidebar-style":"default","ast-global-header-display":"","ast-banner-title-visibility":"","ast-main-header-display":"","ast-hfb-above-header-display":"","ast-hfb-below-header-display":"","ast-hfb-mobile-header-display":"","site-post-title":"","ast-breadcrumbs-content":"","ast-featured-img":"","footer-sml-layout":"","theme-transparent-header-meta":"default","adv-header-id-meta":"","stick-header-meta":"","header-above-stick-meta":"","header-main-stick-meta":"","header-below-stick-meta":"","astra-migrate-meta-layouts":"set","ast-page-background-enabled":"default","ast-page-background-meta":{"desktop":{"background-color":"var(--ast-global-color-4)","background-image":"","background-repeat":"repeat","background-position":"center center","background-size":"auto","background-attachment":"scroll","background-type":"","background-media":"","overlay-type":"","overlay-color":"","overlay-gradient":""},"tablet":{"background-color":"","background-image":"","background-repeat":"repeat","background-position":"center center","background-size":"auto","background-attachment":"scroll","background-type":"","background-media":"","overlay-type":"","overlay-color":"","overlay-gradient":""},"mobile":{"background-color":"","background-image":"","background-repeat":"repeat","background-position":"center center","background-size":"auto","background-attachment":"scroll","background-type":"","background-media":"","overlay-type":"","overlay-color":"","overlay-gradient":""}},"ast-content-background-meta":{"desktop":{"background-color":"var(--ast-global-color-5)","background-image":"","background-repeat":"repeat","background-position":"center center","background-size":"auto","background-attachment":"scroll","background-type":"","background-media":"","overlay-type":"","overlay-color":"","overlay-gradient":""},"tablet":{"background-color":"var(--ast-global-color-5)","background-image":"","background-repeat":"repeat","background-position":"center center","background-size":"auto","background-attachment":"scroll","background-type":"","background-media":"","overlay-type":"","overlay-color":"","overlay-gradient":""},"mobile":{"background-color":"var(--ast-global-color-5)","background-image":"","background-repeat":"repeat","background-position":"center center","background-size":"auto","background-attachment":"scroll","background-type":"","background-media":"","overlay-type":"","overlay-color":"","overlay-gradient":""}}},"product_cat":[21],"product_tag":[],"class_list":{"0":"post-227","1":"product","2":"type-product","3":"status-publish","4":"has-post-thumbnail","6":"product_cat-yuzu-et-papeda","7":"desktop-align-left","8":"tablet-align-left","9":"mobile-align-left","11":"first","12":"outofstock","13":"shipping-taxable","14":"purchasable","15":"product-type-variable"},"jetpack_sharing_enabled":true,"_links":{"self":[{"href":"https:\/\/laforetdessaveurs.fr\/index.php\/wp-json\/wp\/v2\/product\/227","targetHints":{"allow":["GET"]}}],"collection":[{"href":"https:\/\/laforetdessaveurs.fr\/index.php\/wp-json\/wp\/v2\/product"}],"about":[{"href":"https:\/\/laforetdessaveurs.fr\/index.php\/wp-json\/wp\/v2\/types\/product"}],"wp:featuredmedia":[{"embeddable":true,"href":"https:\/\/laforetdessaveurs.fr\/index.php\/wp-json\/wp\/v2\/media\/232"}],"wp:attachment":[{"href":"https:\/\/laforetdessaveurs.fr\/index.php\/wp-json\/wp\/v2\/media?parent=227"}],"wp:term":[{"taxonomy":"product_cat","embeddable":true,"href":"https:\/\/laforetdessaveurs.fr\/index.php\/wp-json\/wp\/v2\/product_cat?post=227"},{"taxonomy":"product_tag","embeddable":true,"href":"https:\/\/laforetdessaveurs.fr\/index.php\/wp-json\/wp\/v2\/product_tag?post=227"}],"curies":[{"name":"wp","href":"https:\/\/api.w.org\/{rel}","templated":true}]}}