{"id":235,"date":"2023-12-29T06:22:43","date_gmt":"2023-12-29T05:22:43","guid":{"rendered":"https:\/\/laforetdessaveurs.fr\/?post_type=product&#038;p=235"},"modified":"2023-12-29T06:24:37","modified_gmt":"2023-12-29T05:24:37","slug":"combawa","status":"publish","type":"product","link":"https:\/\/laforetdessaveurs.fr\/index.php\/produit\/combawa\/","title":{"rendered":"Combava"},"content":{"rendered":"<div class=\"rey-productTitle-wrapper\">\n<div class=\"rey-productTitle-wrapper\">\n<p><em>Citrus hystrix<\/em><\/p>\n<p>Les fruits du Combava, ronds \u00e0 la peau grumeleuse, sont caract\u00e9ris\u00e9s par un zeste tr\u00e8s aromatique au go\u00fbt distinctif. Originaire d&#8217;un archipel \u00e0 l&#8217;est de Bali, cet agrume de petite taille d\u00e9gage un parfum puissant de citronnelle, et ses fleurs blanc-ros\u00e9 s&#8217;\u00e9panouissent au printemps et parfois en juillet. Les feuilles finement cisel\u00e9es et les zestes sont largement utilis\u00e9s dans la cuisine cr\u00e9ole et asiatique, ajoutant une saveur unique aux caris, bouillons, et autres pr\u00e9parations. Ses fruits, r\u00e9colt\u00e9s g\u00e9n\u00e9ralement verts d&#8217;octobre \u00e0 d\u00e9cembre, sont riches en huiles essentielles, offrant une pulpe peu juteuse, tr\u00e8s acide, et am\u00e8re, mais remarquablement aromatique.<\/p>\n<p>Rusticit\u00e9 : -4\u00b0C<\/p>\n<p>R\u00e9colte : octobre<\/p>\n<\/div>\n<\/div>\n","protected":false},"excerpt":{"rendered":"<p>Les fruits du Combava, ronds \u00e0 la peau grumeleuse, sont caract\u00e9ris\u00e9s par un zeste tr\u00e8s aromatique au go\u00fbt distinctif. Originaire d&#8217;un archipel \u00e0 l&#8217;est de Bali, cet agrume de petite taille d\u00e9gage un parfum puissant de citronnelle, et ses fleurs blanc-ros\u00e9 s&#8217;\u00e9panouissent au printemps et parfois en juillet. Les feuilles finement cisel\u00e9es et les zestes sont largement utilis\u00e9s dans la cuisine cr\u00e9ole et asiatique, ajoutant une saveur unique aux caris, bouillons, et autres pr\u00e9parations. Ses fruits, r\u00e9colt\u00e9s g\u00e9n\u00e9ralement verts d&#8217;octobre \u00e0 d\u00e9cembre, sont riches en huiles essentielles, offrant une pulpe peu juteuse, tr\u00e8s acide, et am\u00e8re, mais remarquablement aromatique.<\/p>\n","protected":false},"featured_media":234,"template":"","meta":{"site-sidebar-layout":"default","site-content-layout":"","ast-site-content-layout":"default","site-content-style":"default","site-sidebar-style":"default","ast-global-header-display":"","ast-banner-title-visibility":"","ast-main-header-display":"","ast-hfb-above-header-display":"","ast-hfb-below-header-display":"","ast-hfb-mobile-header-display":"","site-post-title":"","ast-breadcrumbs-content":"","ast-featured-img":"","footer-sml-layout":"","theme-transparent-header-meta":"default","adv-header-id-meta":"","stick-header-meta":"","header-above-stick-meta":"","header-main-stick-meta":"","header-below-stick-meta":"","astra-migrate-meta-layouts":"set","ast-page-background-enabled":"default","ast-page-background-meta":{"desktop":{"background-color":"var(--ast-global-color-4)","background-image":"","background-repeat":"repeat","background-position":"center center","background-size":"auto","background-attachment":"scroll","background-type":"","background-media":"","overlay-type":"","overlay-color":"","overlay-gradient":""},"tablet":{"background-color":"","background-image":"","background-repeat":"repeat","background-position":"center center","background-size":"auto","background-attachment":"scroll","background-type":"","background-media":"","overlay-type":"","overlay-color":"","overlay-gradient":""},"mobile":{"background-color":"","background-image":"","background-repeat":"repeat","background-position":"center center","background-size":"auto","background-attachment":"scroll","background-type":"","background-media":"","overlay-type":"","overlay-color":"","overlay-gradient":""}},"ast-content-background-meta":{"desktop":{"background-color":"var(--ast-global-color-5)","background-image":"","background-repeat":"repeat","background-position":"center center","background-size":"auto","background-attachment":"scroll","background-type":"","background-media":"","overlay-type":"","overlay-color":"","overlay-gradient":""},"tablet":{"background-color":"var(--ast-global-color-5)","background-image":"","background-repeat":"repeat","background-position":"center center","background-size":"auto","background-attachment":"scroll","background-type":"","background-media":"","overlay-type":"","overlay-color":"","overlay-gradient":""},"mobile":{"background-color":"var(--ast-global-color-5)","background-image":"","background-repeat":"repeat","background-position":"center center","background-size":"auto","background-attachment":"scroll","background-type":"","background-media":"","overlay-type":"","overlay-color":"","overlay-gradient":""}}},"product_cat":[23],"product_tag":[],"class_list":{"0":"post-235","1":"product","2":"type-product","3":"status-publish","4":"has-post-thumbnail","6":"product_cat-lime","7":"desktop-align-left","8":"tablet-align-left","9":"mobile-align-left","11":"first","12":"outofstock","13":"shipping-taxable","14":"purchasable","15":"product-type-variable"},"jetpack_sharing_enabled":true,"_links":{"self":[{"href":"https:\/\/laforetdessaveurs.fr\/index.php\/wp-json\/wp\/v2\/product\/235","targetHints":{"allow":["GET"]}}],"collection":[{"href":"https:\/\/laforetdessaveurs.fr\/index.php\/wp-json\/wp\/v2\/product"}],"about":[{"href":"https:\/\/laforetdessaveurs.fr\/index.php\/wp-json\/wp\/v2\/types\/product"}],"wp:featuredmedia":[{"embeddable":true,"href":"https:\/\/laforetdessaveurs.fr\/index.php\/wp-json\/wp\/v2\/media\/234"}],"wp:attachment":[{"href":"https:\/\/laforetdessaveurs.fr\/index.php\/wp-json\/wp\/v2\/media?parent=235"}],"wp:term":[{"taxonomy":"product_cat","embeddable":true,"href":"https:\/\/laforetdessaveurs.fr\/index.php\/wp-json\/wp\/v2\/product_cat?post=235"},{"taxonomy":"product_tag","embeddable":true,"href":"https:\/\/laforetdessaveurs.fr\/index.php\/wp-json\/wp\/v2\/product_tag?post=235"}],"curies":[{"name":"wp","href":"https:\/\/api.w.org\/{rel}","templated":true}]}}