{"id":240,"date":"2023-12-29T06:25:14","date_gmt":"2023-12-29T05:25:14","guid":{"rendered":"https:\/\/laforetdessaveurs.fr\/?post_type=product&#038;p=240"},"modified":"2023-12-29T06:43:52","modified_gmt":"2023-12-29T05:43:52","slug":"starruby","status":"publish","type":"product","link":"https:\/\/laforetdessaveurs.fr\/index.php\/produit\/starruby\/","title":{"rendered":"Pomelo Star Ruby"},"content":{"rendered":"<div class=\"rey-productTitle-wrapper\">\n<div class=\"rey-productTitle-wrapper\">\n<p><em>Citrus paradisi<\/em><\/p>\n<p>Le Pomelo Star Ruby, vari\u00e9t\u00e9 productive et robuste, est r\u00e9sistant jusqu&#8217;\u00e0 -7\u00b0C. Arborant de grandes fleurs blanches au printemps, il donne naissance \u00e0 des fruits g\u00e9n\u00e9reux, m\u00fbrissant en janvier avec une r\u00e9colte pouvant s&#8217;\u00e9tendre jusqu&#8217;en mars. Les pomelos, d&#8217;un diam\u00e8tre moyen de 8 \u00e0 9 cm et d&#8217;un poids de 200 \u00e0 250 grammes, poss\u00e8dent une peau rose et une chair rose fonc\u00e9, riche en lycop\u00e8nes qui se d\u00e9veloppent avec la chaleur.<\/p>\n<\/div>\n<p>Rusticit\u00e9 : -8\u00b0C<\/p>\n<p>R\u00e9colte : de janvier \u00e0 avril<\/p>\n<\/div>\n","protected":false},"excerpt":{"rendered":"<p>Le Pomelo Star Ruby, vari\u00e9t\u00e9 productive et robuste, est r\u00e9sistant jusqu&#8217;\u00e0 -8\u00b0C.\u00a0 Arborant de grandes fleurs blanches au printemps, il donne naissance \u00e0 des fruits g\u00e9n\u00e9reux, m\u00fbrissant en janvier avec une r\u00e9colte pouvant s&#8217;\u00e9tendre jusqu&#8217;en mars. Les pomelos, d&#8217;un diam\u00e8tre moyen de 8 \u00e0 9 cm et d&#8217;un poids de 200 \u00e0 250 grammes, poss\u00e8dent une peau rose et une chair rose fonc\u00e9, riche en lycop\u00e8nes qui se d\u00e9veloppent avec la chaleur.<\/p>\n","protected":false},"featured_media":245,"template":"","meta":{"site-sidebar-layout":"default","site-content-layout":"","ast-site-content-layout":"default","site-content-style":"default","site-sidebar-style":"default","ast-global-header-display":"","ast-banner-title-visibility":"","ast-main-header-display":"","ast-hfb-above-header-display":"","ast-hfb-below-header-display":"","ast-hfb-mobile-header-display":"","site-post-title":"","ast-breadcrumbs-content":"","ast-featured-img":"","footer-sml-layout":"","theme-transparent-header-meta":"default","adv-header-id-meta":"","stick-header-meta":"","header-above-stick-meta":"","header-main-stick-meta":"","header-below-stick-meta":"","astra-migrate-meta-layouts":"set","ast-page-background-enabled":"default","ast-page-background-meta":{"desktop":{"background-color":"var(--ast-global-color-4)","background-image":"","background-repeat":"repeat","background-position":"center center","background-size":"auto","background-attachment":"scroll","background-type":"","background-media":"","overlay-type":"","overlay-color":"","overlay-gradient":""},"tablet":{"background-color":"","background-image":"","background-repeat":"repeat","background-position":"center center","background-size":"auto","background-attachment":"scroll","background-type":"","background-media":"","overlay-type":"","overlay-color":"","overlay-gradient":""},"mobile":{"background-color":"","background-image":"","background-repeat":"repeat","background-position":"center center","background-size":"auto","background-attachment":"scroll","background-type":"","background-media":"","overlay-type":"","overlay-color":"","overlay-gradient":""}},"ast-content-background-meta":{"desktop":{"background-color":"var(--ast-global-color-5)","background-image":"","background-repeat":"repeat","background-position":"center center","background-size":"auto","background-attachment":"scroll","background-type":"","background-media":"","overlay-type":"","overlay-color":"","overlay-gradient":""},"tablet":{"background-color":"var(--ast-global-color-5)","background-image":"","background-repeat":"repeat","background-position":"center center","background-size":"auto","background-attachment":"scroll","background-type":"","background-media":"","overlay-type":"","overlay-color":"","overlay-gradient":""},"mobile":{"background-color":"var(--ast-global-color-5)","background-image":"","background-repeat":"repeat","background-position":"center center","background-size":"auto","background-attachment":"scroll","background-type":"","background-media":"","overlay-type":"","overlay-color":"","overlay-gradient":""}}},"product_cat":[27],"product_tag":[],"class_list":{"0":"post-240","1":"product","2":"type-product","3":"status-publish","4":"has-post-thumbnail","6":"product_cat-pomelo-et-pamplemousse","7":"desktop-align-left","8":"tablet-align-left","9":"mobile-align-left","11":"first","12":"outofstock","13":"shipping-taxable","14":"purchasable","15":"product-type-variable"},"jetpack_sharing_enabled":true,"_links":{"self":[{"href":"https:\/\/laforetdessaveurs.fr\/index.php\/wp-json\/wp\/v2\/product\/240","targetHints":{"allow":["GET"]}}],"collection":[{"href":"https:\/\/laforetdessaveurs.fr\/index.php\/wp-json\/wp\/v2\/product"}],"about":[{"href":"https:\/\/laforetdessaveurs.fr\/index.php\/wp-json\/wp\/v2\/types\/product"}],"wp:featuredmedia":[{"embeddable":true,"href":"https:\/\/laforetdessaveurs.fr\/index.php\/wp-json\/wp\/v2\/media\/245"}],"wp:attachment":[{"href":"https:\/\/laforetdessaveurs.fr\/index.php\/wp-json\/wp\/v2\/media?parent=240"}],"wp:term":[{"taxonomy":"product_cat","embeddable":true,"href":"https:\/\/laforetdessaveurs.fr\/index.php\/wp-json\/wp\/v2\/product_cat?post=240"},{"taxonomy":"product_tag","embeddable":true,"href":"https:\/\/laforetdessaveurs.fr\/index.php\/wp-json\/wp\/v2\/product_tag?post=240"}],"curies":[{"name":"wp","href":"https:\/\/api.w.org\/{rel}","templated":true}]}}