{"id":251,"date":"2023-12-29T06:56:07","date_gmt":"2023-12-29T05:56:07","guid":{"rendered":"https:\/\/laforetdessaveurs.fr\/?post_type=product&#038;p=251"},"modified":"2023-12-29T06:57:57","modified_gmt":"2023-12-29T05:57:57","slug":"limetahiti","status":"publish","type":"product","link":"https:\/\/laforetdessaveurs.fr\/index.php\/produit\/limetahiti\/","title":{"rendered":"Lime de Tahiti"},"content":{"rendered":"<div class=\"rey-productTitle-wrapper\">\n<div class=\"rey-productTitle-wrapper\">\n<p><em>Citrus latifolia<\/em><\/p>\n<p>Incontournable vari\u00e9t\u00e9 de citron vert au parfum d\u00e9licat. Son fruit, assez gros, se r\u00e9colte en vert d\u00e8s l\u2019\u00e9t\u00e9 pour assaisonner vos plats ou concocter des mojitos aux go\u00fbts exquis. Jaune \u00e0 pleine maturit\u00e9, elle devient alors moins acide et plus parfum\u00e9e et juteuse.<\/p>\n<\/div>\n<p>Rusticit\u00e9 : -5\u00b0C<\/p>\n<p>R\u00e9colte : septembre \u00e0 janvier<\/p>\n<\/div>\n","protected":false},"excerpt":{"rendered":"<p>Incontournable vari\u00e9t\u00e9 de citron vert au parfum d\u00e9licat. Son fruit, assez gros, se r\u00e9colte en vert d\u00e8s l\u2019\u00e9t\u00e9 pour assaisonner vos plats ou concocter des mojitos aux go\u00fbts exquis. Jaune \u00e0 pleine maturit\u00e9, elle devient alors moins acide et plus parfum\u00e9e et juteuse.<\/p>\n","protected":false},"featured_media":0,"template":"","meta":{"site-sidebar-layout":"default","site-content-layout":"","ast-site-content-layout":"default","site-content-style":"default","site-sidebar-style":"default","ast-global-header-display":"","ast-banner-title-visibility":"","ast-main-header-display":"","ast-hfb-above-header-display":"","ast-hfb-below-header-display":"","ast-hfb-mobile-header-display":"","site-post-title":"","ast-breadcrumbs-content":"","ast-featured-img":"","footer-sml-layout":"","theme-transparent-header-meta":"default","adv-header-id-meta":"","stick-header-meta":"","header-above-stick-meta":"","header-main-stick-meta":"","header-below-stick-meta":"","astra-migrate-meta-layouts":"set","ast-page-background-enabled":"default","ast-page-background-meta":{"desktop":{"background-color":"var(--ast-global-color-4)","background-image":"","background-repeat":"repeat","background-position":"center center","background-size":"auto","background-attachment":"scroll","background-type":"","background-media":"","overlay-type":"","overlay-color":"","overlay-gradient":""},"tablet":{"background-color":"","background-image":"","background-repeat":"repeat","background-position":"center center","background-size":"auto","background-attachment":"scroll","background-type":"","background-media":"","overlay-type":"","overlay-color":"","overlay-gradient":""},"mobile":{"background-color":"","background-image":"","background-repeat":"repeat","background-position":"center center","background-size":"auto","background-attachment":"scroll","background-type":"","background-media":"","overlay-type":"","overlay-color":"","overlay-gradient":""}},"ast-content-background-meta":{"desktop":{"background-color":"var(--ast-global-color-5)","background-image":"","background-repeat":"repeat","background-position":"center center","background-size":"auto","background-attachment":"scroll","background-type":"","background-media":"","overlay-type":"","overlay-color":"","overlay-gradient":""},"tablet":{"background-color":"var(--ast-global-color-5)","background-image":"","background-repeat":"repeat","background-position":"center center","background-size":"auto","background-attachment":"scroll","background-type":"","background-media":"","overlay-type":"","overlay-color":"","overlay-gradient":""},"mobile":{"background-color":"var(--ast-global-color-5)","background-image":"","background-repeat":"repeat","background-position":"center center","background-size":"auto","background-attachment":"scroll","background-type":"","background-media":"","overlay-type":"","overlay-color":"","overlay-gradient":""}}},"product_cat":[23],"product_tag":[],"class_list":{"0":"post-251","1":"product","2":"type-product","3":"status-publish","5":"product_cat-lime","6":"desktop-align-left","7":"tablet-align-left","8":"mobile-align-left","10":"first","11":"outofstock","12":"shipping-taxable","13":"purchasable","14":"product-type-variable"},"jetpack_sharing_enabled":true,"_links":{"self":[{"href":"https:\/\/laforetdessaveurs.fr\/index.php\/wp-json\/wp\/v2\/product\/251","targetHints":{"allow":["GET"]}}],"collection":[{"href":"https:\/\/laforetdessaveurs.fr\/index.php\/wp-json\/wp\/v2\/product"}],"about":[{"href":"https:\/\/laforetdessaveurs.fr\/index.php\/wp-json\/wp\/v2\/types\/product"}],"wp:attachment":[{"href":"https:\/\/laforetdessaveurs.fr\/index.php\/wp-json\/wp\/v2\/media?parent=251"}],"wp:term":[{"taxonomy":"product_cat","embeddable":true,"href":"https:\/\/laforetdessaveurs.fr\/index.php\/wp-json\/wp\/v2\/product_cat?post=251"},{"taxonomy":"product_tag","embeddable":true,"href":"https:\/\/laforetdessaveurs.fr\/index.php\/wp-json\/wp\/v2\/product_tag?post=251"}],"curies":[{"name":"wp","href":"https:\/\/api.w.org\/{rel}","templated":true}]}}