{"id":256,"date":"2023-12-29T06:58:11","date_gmt":"2023-12-29T05:58:11","guid":{"rendered":"https:\/\/laforetdessaveurs.fr\/?post_type=product&#038;p=256"},"modified":"2023-12-29T07:23:53","modified_gmt":"2023-12-29T06:23:53","slug":"ichanglemon","status":"publish","type":"product","link":"https:\/\/laforetdessaveurs.fr\/index.php\/produit\/ichanglemon\/","title":{"rendered":"Ichanglemon"},"content":{"rendered":"<div class=\"rey-productTitle-wrapper\">\n<div class=\"rey-productTitle-wrapper\">\n<h1><\/h1>\n<p><em>Citrus wilsonii<\/em><\/p>\n<p>Vari\u00e9t\u00e9 tr\u00e8s rustique de citron au port pleureur, l\u2019Ichanglemon produit de beau citron aux ar\u00f4mes de Yuzu (pamplemousse \/citron \/mandarine) mais avec beaucoup plus de jus. Sa peau plus \u00e9paisse est n\u00e9anmoins l\u00e9g\u00e8rement plus am\u00e8re et il conviendra de la faire blanchir pour l\u2019utiliser en cuisine. Un fruit tr\u00e8s recherch\u00e9 chez les p\u00e2tissiers !<\/p>\n<p>Rusticit\u00e9 : -15\u00b0C<\/p>\n<p>R\u00e9colte : novembre \u00e0 d\u00e9cembre<\/p>\n<\/div>\n<\/div>\n","protected":false},"excerpt":{"rendered":"<p>Vari\u00e9t\u00e9 tr\u00e8s rustique de citron au port pleureur, l\u2019Ichanglemon produit de beau citron aux ar\u00f4mes de Yuzu (pamplemousse \/citron \/mandarine) mais avec beaucoup plus de jus. Sa peau plus \u00e9paisse est n\u00e9anmoins l\u00e9g\u00e8rement plus am\u00e8re et il conviendra de la faire blanchir pour l\u2019utiliser en cuisine. Un fruit tr\u00e8s recherch\u00e9 chez les p\u00e2tissiers !<\/p>\n","protected":false},"featured_media":261,"template":"","meta":{"site-sidebar-layout":"default","site-content-layout":"","ast-site-content-layout":"default","site-content-style":"default","site-sidebar-style":"default","ast-global-header-display":"","ast-banner-title-visibility":"","ast-main-header-display":"","ast-hfb-above-header-display":"","ast-hfb-below-header-display":"","ast-hfb-mobile-header-display":"","site-post-title":"","ast-breadcrumbs-content":"","ast-featured-img":"","footer-sml-layout":"","theme-transparent-header-meta":"default","adv-header-id-meta":"","stick-header-meta":"","header-above-stick-meta":"","header-main-stick-meta":"","header-below-stick-meta":"","astra-migrate-meta-layouts":"set","ast-page-background-enabled":"default","ast-page-background-meta":{"desktop":{"background-color":"var(--ast-global-color-4)","background-image":"","background-repeat":"repeat","background-position":"center center","background-size":"auto","background-attachment":"scroll","background-type":"","background-media":"","overlay-type":"","overlay-color":"","overlay-gradient":""},"tablet":{"background-color":"","background-image":"","background-repeat":"repeat","background-position":"center center","background-size":"auto","background-attachment":"scroll","background-type":"","background-media":"","overlay-type":"","overlay-color":"","overlay-gradient":""},"mobile":{"background-color":"","background-image":"","background-repeat":"repeat","background-position":"center center","background-size":"auto","background-attachment":"scroll","background-type":"","background-media":"","overlay-type":"","overlay-color":"","overlay-gradient":""}},"ast-content-background-meta":{"desktop":{"background-color":"var(--ast-global-color-5)","background-image":"","background-repeat":"repeat","background-position":"center center","background-size":"auto","background-attachment":"scroll","background-type":"","background-media":"","overlay-type":"","overlay-color":"","overlay-gradient":""},"tablet":{"background-color":"var(--ast-global-color-5)","background-image":"","background-repeat":"repeat","background-position":"center center","background-size":"auto","background-attachment":"scroll","background-type":"","background-media":"","overlay-type":"","overlay-color":"","overlay-gradient":""},"mobile":{"background-color":"var(--ast-global-color-5)","background-image":"","background-repeat":"repeat","background-position":"center center","background-size":"auto","background-attachment":"scroll","background-type":"","background-media":"","overlay-type":"","overlay-color":"","overlay-gradient":""}}},"product_cat":[21],"product_tag":[],"class_list":{"0":"post-256","1":"product","2":"type-product","3":"status-publish","4":"has-post-thumbnail","6":"product_cat-yuzu-et-papeda","7":"desktop-align-left","8":"tablet-align-left","9":"mobile-align-left","11":"first","12":"outofstock","13":"shipping-taxable","14":"purchasable","15":"product-type-variable"},"jetpack_sharing_enabled":true,"_links":{"self":[{"href":"https:\/\/laforetdessaveurs.fr\/index.php\/wp-json\/wp\/v2\/product\/256","targetHints":{"allow":["GET"]}}],"collection":[{"href":"https:\/\/laforetdessaveurs.fr\/index.php\/wp-json\/wp\/v2\/product"}],"about":[{"href":"https:\/\/laforetdessaveurs.fr\/index.php\/wp-json\/wp\/v2\/types\/product"}],"wp:featuredmedia":[{"embeddable":true,"href":"https:\/\/laforetdessaveurs.fr\/index.php\/wp-json\/wp\/v2\/media\/261"}],"wp:attachment":[{"href":"https:\/\/laforetdessaveurs.fr\/index.php\/wp-json\/wp\/v2\/media?parent=256"}],"wp:term":[{"taxonomy":"product_cat","embeddable":true,"href":"https:\/\/laforetdessaveurs.fr\/index.php\/wp-json\/wp\/v2\/product_cat?post=256"},{"taxonomy":"product_tag","embeddable":true,"href":"https:\/\/laforetdessaveurs.fr\/index.php\/wp-json\/wp\/v2\/product_tag?post=256"}],"curies":[{"name":"wp","href":"https:\/\/api.w.org\/{rel}","templated":true}]}}