{"id":262,"date":"2023-12-29T07:07:34","date_gmt":"2023-12-29T06:07:34","guid":{"rendered":"https:\/\/laforetdessaveurs.fr\/?post_type=product&#038;p=262"},"modified":"2023-12-29T07:23:33","modified_gmt":"2023-12-29T06:23:33","slug":"orangecaracara","status":"publish","type":"product","link":"https:\/\/laforetdessaveurs.fr\/index.php\/produit\/orangecaracara\/","title":{"rendered":"Orange Cara Cara"},"content":{"rendered":"<div class=\"rey-productTitle-wrapper\">\n<div class=\"rey-productTitle-wrapper\">\n<h1><\/h1>\n<p><em>Citrus sinensis<\/em><\/p>\n<p>L&#8217;Orange Cara Cara est une vari\u00e9t\u00e9 de navel \u00e0 la chair rose juteuse et sucr\u00e9e, rappelant les qualit\u00e9s gustatives d&#8217;une Washington Navel. Cette orange, r\u00e9sistante au froid jusqu&#8217;\u00e0 -10\u00b0C, m\u00fbrit en novembre-janvier mais peut rester sur l&#8217;arbre jusqu&#8217;en mai, d\u00e9veloppant une coloration rose intense gr\u00e2ce aux lycop\u00e8nes, offrant ainsi un go\u00fbt divin. C&#8217;est un arbre vigoureux et productif, issu d&#8217;une mutation sanguine, et bien que moins courante sur les march\u00e9s, elle constitue un excellent choix pour votre jardin, apportant une touche d&#8217;originalit\u00e9 et de d\u00e9licatesse \u00e0 vos plats et collations.<\/p>\n<p>Rusticit\u00e9 : -10\u00b0C<\/p>\n<p>R\u00e9colte : d\u00e9cembre \u00e0 f\u00e9vrier<\/p>\n<\/div>\n<\/div>\n","protected":false},"excerpt":{"rendered":"<p>L&#8217;Orange Cara Cara est une vari\u00e9t\u00e9 de navel \u00e0 la chair rose juteuse et sucr\u00e9e, rappelant les qualit\u00e9s gustatives d&#8217;une Washington Navel. Cette orange, r\u00e9sistante au froid jusqu&#8217;\u00e0 -10\u00b0C, m\u00fbrit en novembre-janvier mais peut rester sur l&#8217;arbre jusqu&#8217;en mai, d\u00e9veloppant une coloration rose intense gr\u00e2ce aux lycop\u00e8nes, offrant ainsi un go\u00fbt divin. C&#8217;est un arbre vigoureux et productif, issu d&#8217;une mutation sanguine, et bien que moins courante sur les march\u00e9s, elle constitue un excellent choix pour votre jardin, apportant une touche d&#8217;originalit\u00e9 et de d\u00e9licatesse \u00e0 vos plats et collations.<\/p>\n","protected":false},"featured_media":267,"template":"","meta":{"site-sidebar-layout":"default","site-content-layout":"","ast-site-content-layout":"default","site-content-style":"default","site-sidebar-style":"default","ast-global-header-display":"","ast-banner-title-visibility":"","ast-main-header-display":"","ast-hfb-above-header-display":"","ast-hfb-below-header-display":"","ast-hfb-mobile-header-display":"","site-post-title":"","ast-breadcrumbs-content":"","ast-featured-img":"","footer-sml-layout":"","theme-transparent-header-meta":"default","adv-header-id-meta":"","stick-header-meta":"","header-above-stick-meta":"","header-main-stick-meta":"","header-below-stick-meta":"","astra-migrate-meta-layouts":"set","ast-page-background-enabled":"default","ast-page-background-meta":{"desktop":{"background-color":"var(--ast-global-color-4)","background-image":"","background-repeat":"repeat","background-position":"center center","background-size":"auto","background-attachment":"scroll","background-type":"","background-media":"","overlay-type":"","overlay-color":"","overlay-gradient":""},"tablet":{"background-color":"","background-image":"","background-repeat":"repeat","background-position":"center center","background-size":"auto","background-attachment":"scroll","background-type":"","background-media":"","overlay-type":"","overlay-color":"","overlay-gradient":""},"mobile":{"background-color":"","background-image":"","background-repeat":"repeat","background-position":"center center","background-size":"auto","background-attachment":"scroll","background-type":"","background-media":"","overlay-type":"","overlay-color":"","overlay-gradient":""}},"ast-content-background-meta":{"desktop":{"background-color":"var(--ast-global-color-5)","background-image":"","background-repeat":"repeat","background-position":"center center","background-size":"auto","background-attachment":"scroll","background-type":"","background-media":"","overlay-type":"","overlay-color":"","overlay-gradient":""},"tablet":{"background-color":"var(--ast-global-color-5)","background-image":"","background-repeat":"repeat","background-position":"center center","background-size":"auto","background-attachment":"scroll","background-type":"","background-media":"","overlay-type":"","overlay-color":"","overlay-gradient":""},"mobile":{"background-color":"var(--ast-global-color-5)","background-image":"","background-repeat":"repeat","background-position":"center center","background-size":"auto","background-attachment":"scroll","background-type":"","background-media":"","overlay-type":"","overlay-color":"","overlay-gradient":""}}},"product_cat":[28],"product_tag":[],"class_list":{"0":"post-262","1":"product","2":"type-product","3":"status-publish","4":"has-post-thumbnail","6":"product_cat-orange","7":"desktop-align-left","8":"tablet-align-left","9":"mobile-align-left","11":"first","12":"outofstock","13":"shipping-taxable","14":"purchasable","15":"product-type-variable"},"jetpack_sharing_enabled":true,"_links":{"self":[{"href":"https:\/\/laforetdessaveurs.fr\/index.php\/wp-json\/wp\/v2\/product\/262","targetHints":{"allow":["GET"]}}],"collection":[{"href":"https:\/\/laforetdessaveurs.fr\/index.php\/wp-json\/wp\/v2\/product"}],"about":[{"href":"https:\/\/laforetdessaveurs.fr\/index.php\/wp-json\/wp\/v2\/types\/product"}],"wp:featuredmedia":[{"embeddable":true,"href":"https:\/\/laforetdessaveurs.fr\/index.php\/wp-json\/wp\/v2\/media\/267"}],"wp:attachment":[{"href":"https:\/\/laforetdessaveurs.fr\/index.php\/wp-json\/wp\/v2\/media?parent=262"}],"wp:term":[{"taxonomy":"product_cat","embeddable":true,"href":"https:\/\/laforetdessaveurs.fr\/index.php\/wp-json\/wp\/v2\/product_cat?post=262"},{"taxonomy":"product_tag","embeddable":true,"href":"https:\/\/laforetdessaveurs.fr\/index.php\/wp-json\/wp\/v2\/product_tag?post=262"}],"curies":[{"name":"wp","href":"https:\/\/api.w.org\/{rel}","templated":true}]}}