{"id":268,"date":"2023-12-29T07:13:48","date_gmt":"2023-12-29T06:13:48","guid":{"rendered":"https:\/\/laforetdessaveurs.fr\/?post_type=product&#038;p=268"},"modified":"2023-12-29T07:16:15","modified_gmt":"2023-12-29T06:16:15","slug":"us119","status":"publish","type":"product","link":"https:\/\/laforetdessaveurs.fr\/index.php\/produit\/us119\/","title":{"rendered":"US 119"},"content":{"rendered":"<div class=\"rey-productTitle-wrapper\">\n<div class=\"rey-productTitle-wrapper\">\n<h1><\/h1>\n<p><em>Citrus hybrid<\/em><\/p>\n<p>L&#8217;US119 est un agrume tr\u00e8s appr\u00e9ci\u00e9 pour sa robustesse, pouvant supporter des temp\u00e9ratures aussi basses que -15\u00b0C. Ses fruits, r\u00e9colt\u00e9s entre novembre et janvier, sont tr\u00e8s parfum\u00e9s, juteux et sucr\u00e9s, avec un zeste \u00e9galement tr\u00e8s aromatique.\u00a0 Cette vari\u00e9t\u00e9 hybride, r\u00e9sulte du croisement entre un pamplemousse Duncan, un poncirus trifoliata et une vari\u00e9t\u00e9 d&#8217;orange sucr\u00e9e. Elle a \u00e9t\u00e9 cr\u00e9\u00e9e aux \u00c9tats-Unis en 1980. Les oranges, d&#8217;une belle couleur jaune-orange et d&#8217;un poids moyen de 160-180 grammes, offrent un go\u00fbt exotique rappelant la mangue, l&#8217;ananas et la passion, avec une touche d&#8217;orange sucr\u00e9e. Les fruits peuvent \u00eatre utilis\u00e9s pour faire des jus uniques et le zest est recherch\u00e9 en p\u00e2tisserie. En fin de maturit\u00e9, il convient de surveiller l&#8217;apport en eau pour \u00e9viter que l\u2019\u00e9clatement des fruits.<\/p>\n<p>Rusticit\u00e9 : -15\u00b0C<\/p>\n<p>R\u00e9colte : entre novembre et janvier<\/p>\n<\/div>\n<\/div>\n","protected":false},"excerpt":{"rendered":"<p>L&#8217;US119 est un agrume tr\u00e8s appr\u00e9ci\u00e9 pour sa robustesse, pouvant supporter des temp\u00e9ratures aussi basses que -15\u00b0C. Ses fruits, r\u00e9colt\u00e9s entre novembre et janvier, sont tr\u00e8s parfum\u00e9s, juteux et sucr\u00e9s, avec un zeste \u00e9galement tr\u00e8s aromatique.\u00a0 Cette vari\u00e9t\u00e9 hybride, r\u00e9sulte du croisement entre un pamplemousse Duncan, un poncirus trifoliata et une vari\u00e9t\u00e9 d&#8217;orange sucr\u00e9e. Elle a \u00e9t\u00e9 cr\u00e9\u00e9e aux \u00c9tats-Unis en 1980. Les oranges, d&#8217;une belle couleur jaune-orange et d&#8217;un poids moyen de 160-180 grammes, offrent un go\u00fbt exotique rappelant la mangue, l&#8217;ananas et la passion, avec une touche d&#8217;orange sucr\u00e9e. Les fruits peuvent \u00eatre utilis\u00e9s pour faire des jus uniques et le zest est recherch\u00e9 en p\u00e2tisserie. En fin de maturit\u00e9, il convient de surveiller l&#8217;apport en eau pour \u00e9viter que l\u2019\u00e9clatement des fruits.<\/p>\n","protected":false},"featured_media":273,"template":"","meta":{"site-sidebar-layout":"default","site-content-layout":"","ast-site-content-layout":"default","site-content-style":"default","site-sidebar-style":"default","ast-global-header-display":"","ast-banner-title-visibility":"","ast-main-header-display":"","ast-hfb-above-header-display":"","ast-hfb-below-header-display":"","ast-hfb-mobile-header-display":"","site-post-title":"","ast-breadcrumbs-content":"","ast-featured-img":"","footer-sml-layout":"","theme-transparent-header-meta":"default","adv-header-id-meta":"","stick-header-meta":"","header-above-stick-meta":"","header-main-stick-meta":"","header-below-stick-meta":"","astra-migrate-meta-layouts":"set","ast-page-background-enabled":"default","ast-page-background-meta":{"desktop":{"background-color":"var(--ast-global-color-4)","background-image":"","background-repeat":"repeat","background-position":"center center","background-size":"auto","background-attachment":"scroll","background-type":"","background-media":"","overlay-type":"","overlay-color":"","overlay-gradient":""},"tablet":{"background-color":"","background-image":"","background-repeat":"repeat","background-position":"center center","background-size":"auto","background-attachment":"scroll","background-type":"","background-media":"","overlay-type":"","overlay-color":"","overlay-gradient":""},"mobile":{"background-color":"","background-image":"","background-repeat":"repeat","background-position":"center center","background-size":"auto","background-attachment":"scroll","background-type":"","background-media":"","overlay-type":"","overlay-color":"","overlay-gradient":""}},"ast-content-background-meta":{"desktop":{"background-color":"var(--ast-global-color-5)","background-image":"","background-repeat":"repeat","background-position":"center center","background-size":"auto","background-attachment":"scroll","background-type":"","background-media":"","overlay-type":"","overlay-color":"","overlay-gradient":""},"tablet":{"background-color":"var(--ast-global-color-5)","background-image":"","background-repeat":"repeat","background-position":"center center","background-size":"auto","background-attachment":"scroll","background-type":"","background-media":"","overlay-type":"","overlay-color":"","overlay-gradient":""},"mobile":{"background-color":"var(--ast-global-color-5)","background-image":"","background-repeat":"repeat","background-position":"center center","background-size":"auto","background-attachment":"scroll","background-type":"","background-media":"","overlay-type":"","overlay-color":"","overlay-gradient":""}}},"product_cat":[28],"product_tag":[],"class_list":{"0":"post-268","1":"product","2":"type-product","3":"status-publish","4":"has-post-thumbnail","6":"product_cat-orange","7":"desktop-align-left","8":"tablet-align-left","9":"mobile-align-left","11":"first","12":"outofstock","13":"shipping-taxable","14":"purchasable","15":"product-type-variable"},"jetpack_sharing_enabled":true,"_links":{"self":[{"href":"https:\/\/laforetdessaveurs.fr\/index.php\/wp-json\/wp\/v2\/product\/268","targetHints":{"allow":["GET"]}}],"collection":[{"href":"https:\/\/laforetdessaveurs.fr\/index.php\/wp-json\/wp\/v2\/product"}],"about":[{"href":"https:\/\/laforetdessaveurs.fr\/index.php\/wp-json\/wp\/v2\/types\/product"}],"wp:featuredmedia":[{"embeddable":true,"href":"https:\/\/laforetdessaveurs.fr\/index.php\/wp-json\/wp\/v2\/media\/273"}],"wp:attachment":[{"href":"https:\/\/laforetdessaveurs.fr\/index.php\/wp-json\/wp\/v2\/media?parent=268"}],"wp:term":[{"taxonomy":"product_cat","embeddable":true,"href":"https:\/\/laforetdessaveurs.fr\/index.php\/wp-json\/wp\/v2\/product_cat?post=268"},{"taxonomy":"product_tag","embeddable":true,"href":"https:\/\/laforetdessaveurs.fr\/index.php\/wp-json\/wp\/v2\/product_tag?post=268"}],"curies":[{"name":"wp","href":"https:\/\/api.w.org\/{rel}","templated":true}]}}