{"id":274,"date":"2023-12-29T07:16:32","date_gmt":"2023-12-29T06:16:32","guid":{"rendered":"https:\/\/laforetdessaveurs.fr\/?post_type=product&#038;p=274"},"modified":"2023-12-29T09:24:25","modified_gmt":"2023-12-29T08:24:25","slug":"navelina","status":"publish","type":"product","link":"https:\/\/laforetdessaveurs.fr\/index.php\/produit\/navelina\/","title":{"rendered":"Orange Navelina"},"content":{"rendered":"<div class=\"rey-productTitle-wrapper\">\n<div class=\"rey-productTitle-wrapper\">\n<h1><\/h1>\n<p><em>Citrus sinensis<\/em><\/p>\n<p>L&#8217;Orange Navelina, appartenant \u00e0 la famille des \u00ab Navel \u00bb, est une vari\u00e9t\u00e9 d&#8217;orange douce largement appr\u00e9ci\u00e9e pour ses nombreuses qualit\u00e9s. Ces oranges de gros calibre, plus grosses que les Cara-Cara, sont juteuses, tr\u00e8s sucr\u00e9es et d&#8217;excellente qualit\u00e9 gustative. Elles p\u00e8sent environ 200 grammes, ont une peau fine et lisse d&#8217;une belle couleur orange vif, et sont d\u00e9pourvues de p\u00e9pins. La r\u00e9colte d\u00e9bute en d\u00e9but d&#8217;octobre et s&#8217;\u00e9tend jusqu&#8217;en janvier. L&#8217;arbre lui-m\u00eame est vigoureux, de petite taille, ce qui le rend adapt\u00e9 \u00e0 la culture en pot, et tr\u00e8s productif, pouvant atteindre plus de 100 kg \u00e0 l&#8217;\u00e2ge adulte. Les feuilles sont relativement petites et d&#8217;un vert fonc\u00e9, et l&#8217;arbre produit une floraison \u00e0 parfum extraordinaire. L&#8217;Orange Navelina est \u00e9galement connue pour sa r\u00e9sistance au froid, supportant des temp\u00e9ratures allant jusqu&#8217;\u00e0 -11\u00b0C sur une p\u00e9riode br\u00e8ve.<\/p>\n<p>Rusticit\u00e9 : -11\u00b0C<\/p>\n<p>R\u00e9colte : d&#8217;octobre \u00e0 janvier<\/p>\n<\/div>\n<\/div>\n","protected":false},"excerpt":{"rendered":"<p>L&#8217;Orange Navelina, appartenant \u00e0 la famille des \u00ab Navel \u00bb, est une vari\u00e9t\u00e9 d&#8217;orange douce largement appr\u00e9ci\u00e9e pour ses nombreuses qualit\u00e9s. Ces oranges de gros calibre, plus grosses que les Cara-Cara, sont juteuses, tr\u00e8s sucr\u00e9es et d&#8217;excellente qualit\u00e9 gustative. Elles p\u00e8sent environ 200 grammes, ont une peau fine et lisse d&#8217;une belle couleur orange vif, et sont d\u00e9pourvues de p\u00e9pins. La r\u00e9colte d\u00e9bute en d\u00e9but d&#8217;octobre et s&#8217;\u00e9tend jusqu&#8217;en janvier. L&#8217;arbre lui-m\u00eame est vigoureux, de petite taille, ce qui le rend adapt\u00e9 \u00e0 la culture en pot, et tr\u00e8s productif, pouvant atteindre plus de 100 kg \u00e0 l&#8217;\u00e2ge adulte. Les feuilles sont relativement petites et d&#8217;un vert fonc\u00e9, et l&#8217;arbre produit une floraison \u00e0 parfum extraordinaire. L&#8217;Orange Navelina est \u00e9galement connue pour sa r\u00e9sistance au froid, supportant des temp\u00e9ratures allant jusqu&#8217;\u00e0 -11\u00b0C sur une p\u00e9riode br\u00e8ve.<\/p>\n","protected":false},"featured_media":298,"template":"","meta":{"site-sidebar-layout":"default","site-content-layout":"","ast-site-content-layout":"default","site-content-style":"default","site-sidebar-style":"default","ast-global-header-display":"","ast-banner-title-visibility":"","ast-main-header-display":"","ast-hfb-above-header-display":"","ast-hfb-below-header-display":"","ast-hfb-mobile-header-display":"","site-post-title":"","ast-breadcrumbs-content":"","ast-featured-img":"","footer-sml-layout":"","theme-transparent-header-meta":"default","adv-header-id-meta":"","stick-header-meta":"","header-above-stick-meta":"","header-main-stick-meta":"","header-below-stick-meta":"","astra-migrate-meta-layouts":"set","ast-page-background-enabled":"default","ast-page-background-meta":{"desktop":{"background-color":"var(--ast-global-color-4)","background-image":"","background-repeat":"repeat","background-position":"center center","background-size":"auto","background-attachment":"scroll","background-type":"","background-media":"","overlay-type":"","overlay-color":"","overlay-gradient":""},"tablet":{"background-color":"","background-image":"","background-repeat":"repeat","background-position":"center center","background-size":"auto","background-attachment":"scroll","background-type":"","background-media":"","overlay-type":"","overlay-color":"","overlay-gradient":""},"mobile":{"background-color":"","background-image":"","background-repeat":"repeat","background-position":"center center","background-size":"auto","background-attachment":"scroll","background-type":"","background-media":"","overlay-type":"","overlay-color":"","overlay-gradient":""}},"ast-content-background-meta":{"desktop":{"background-color":"var(--ast-global-color-5)","background-image":"","background-repeat":"repeat","background-position":"center center","background-size":"auto","background-attachment":"scroll","background-type":"","background-media":"","overlay-type":"","overlay-color":"","overlay-gradient":""},"tablet":{"background-color":"var(--ast-global-color-5)","background-image":"","background-repeat":"repeat","background-position":"center center","background-size":"auto","background-attachment":"scroll","background-type":"","background-media":"","overlay-type":"","overlay-color":"","overlay-gradient":""},"mobile":{"background-color":"var(--ast-global-color-5)","background-image":"","background-repeat":"repeat","background-position":"center center","background-size":"auto","background-attachment":"scroll","background-type":"","background-media":"","overlay-type":"","overlay-color":"","overlay-gradient":""}}},"product_cat":[28],"product_tag":[],"class_list":{"0":"post-274","1":"product","2":"type-product","3":"status-publish","4":"has-post-thumbnail","6":"product_cat-orange","7":"desktop-align-left","8":"tablet-align-left","9":"mobile-align-left","11":"first","12":"outofstock","13":"shipping-taxable","14":"purchasable","15":"product-type-variable"},"jetpack_sharing_enabled":true,"_links":{"self":[{"href":"https:\/\/laforetdessaveurs.fr\/index.php\/wp-json\/wp\/v2\/product\/274","targetHints":{"allow":["GET"]}}],"collection":[{"href":"https:\/\/laforetdessaveurs.fr\/index.php\/wp-json\/wp\/v2\/product"}],"about":[{"href":"https:\/\/laforetdessaveurs.fr\/index.php\/wp-json\/wp\/v2\/types\/product"}],"wp:featuredmedia":[{"embeddable":true,"href":"https:\/\/laforetdessaveurs.fr\/index.php\/wp-json\/wp\/v2\/media\/298"}],"wp:attachment":[{"href":"https:\/\/laforetdessaveurs.fr\/index.php\/wp-json\/wp\/v2\/media?parent=274"}],"wp:term":[{"taxonomy":"product_cat","embeddable":true,"href":"https:\/\/laforetdessaveurs.fr\/index.php\/wp-json\/wp\/v2\/product_cat?post=274"},{"taxonomy":"product_tag","embeddable":true,"href":"https:\/\/laforetdessaveurs.fr\/index.php\/wp-json\/wp\/v2\/product_tag?post=274"}],"curies":[{"name":"wp","href":"https:\/\/api.w.org\/{rel}","templated":true}]}}