{"id":284,"date":"2023-12-29T07:20:46","date_gmt":"2023-12-29T06:20:46","guid":{"rendered":"https:\/\/laforetdessaveurs.fr\/?post_type=product&#038;p=284"},"modified":"2023-12-29T07:22:46","modified_gmt":"2023-12-29T06:22:46","slug":"satsuma-okitsu","status":"publish","type":"product","link":"https:\/\/laforetdessaveurs.fr\/index.php\/produit\/satsuma-okitsu\/","title":{"rendered":"Satsuma Okitsu"},"content":{"rendered":"<div class=\"rey-productTitle-wrapper\">\n<div class=\"rey-productTitle-wrapper\">\n<p><em>Citrus unshiu<\/em><\/p>\n<p>La Satsuma Okitsu est une vari\u00e9t\u00e9 de mandarine originaire du Japon, appr\u00e9ci\u00e9e pour sa r\u00e9sistance au froid jusqu&#8217;\u00e0 environ -12\u00b0C dans des endroits abrit\u00e9s. L&#8217;arbre est vigoureux, sans \u00e9pines, avec de longues branches tombantes et des feuilles arrondies et allong\u00e9es. Les fruits sont aplatis, d&#8217;un bel orange vif, pr\u00e9sentant quelques p\u00e9pins. Ils sont plus doux que ceux de la vari\u00e9t\u00e9 Owari, pouvant \u00eatre consomm\u00e9s lorsque la peau est encore verte pour une saveur l\u00e9g\u00e8rement acidul\u00e9e ou \u00e0 pleine maturit\u00e9 pour une d\u00e9gustation similaire \u00e0 une mandarine classique. Ils peuvent \u00eatre d\u00e9gust\u00e9s frais ou press\u00e9s pour obtenir un jus tr\u00e8s sucr\u00e9, tout en conservant une \u00e9corce qui se d\u00e9tache l\u00e9g\u00e8rement de la pulpe \u00e0 maturit\u00e9. Cette vari\u00e9t\u00e9 se r\u00e9colte d\u00e8s septembre\/octobre.<\/p>\n<\/div>\n<\/div>\n","protected":false},"excerpt":{"rendered":"<p>La Satsuma Okitsu est une vari\u00e9t\u00e9 de mandarine originaire du Japon, appr\u00e9ci\u00e9e pour sa r\u00e9sistance au froid jusqu&#8217;\u00e0 environ -12\u00b0C dans des endroits abrit\u00e9s. L&#8217;arbre est vigoureux, sans \u00e9pines, avec de longues branches tombantes et des feuilles arrondies et allong\u00e9es. Les fruits sont aplatis, d&#8217;un bel orange vif, pr\u00e9sentant quelques p\u00e9pins. Ils sont plus doux que ceux de la vari\u00e9t\u00e9 Owari, pouvant \u00eatre consomm\u00e9s lorsque la peau est encore verte pour une saveur l\u00e9g\u00e8rement acidul\u00e9e ou \u00e0 pleine maturit\u00e9 pour une d\u00e9gustation similaire \u00e0 une mandarine classique. Ils peuvent \u00eatre d\u00e9gust\u00e9s frais ou press\u00e9s pour obtenir un jus tr\u00e8s sucr\u00e9, tout en conservant une \u00e9corce qui se d\u00e9tache l\u00e9g\u00e8rement de la pulpe \u00e0 maturit\u00e9. Cette vari\u00e9t\u00e9 se r\u00e9colte d\u00e8s septembre\/octobre.<\/p>\n","protected":false},"featured_media":0,"template":"","meta":{"site-sidebar-layout":"default","site-content-layout":"","ast-site-content-layout":"default","site-content-style":"default","site-sidebar-style":"default","ast-global-header-display":"","ast-banner-title-visibility":"","ast-main-header-display":"","ast-hfb-above-header-display":"","ast-hfb-below-header-display":"","ast-hfb-mobile-header-display":"","site-post-title":"","ast-breadcrumbs-content":"","ast-featured-img":"","footer-sml-layout":"","theme-transparent-header-meta":"default","adv-header-id-meta":"","stick-header-meta":"","header-above-stick-meta":"","header-main-stick-meta":"","header-below-stick-meta":"","astra-migrate-meta-layouts":"set","ast-page-background-enabled":"default","ast-page-background-meta":{"desktop":{"background-color":"var(--ast-global-color-4)","background-image":"","background-repeat":"repeat","background-position":"center center","background-size":"auto","background-attachment":"scroll","background-type":"","background-media":"","overlay-type":"","overlay-color":"","overlay-gradient":""},"tablet":{"background-color":"","background-image":"","background-repeat":"repeat","background-position":"center center","background-size":"auto","background-attachment":"scroll","background-type":"","background-media":"","overlay-type":"","overlay-color":"","overlay-gradient":""},"mobile":{"background-color":"","background-image":"","background-repeat":"repeat","background-position":"center center","background-size":"auto","background-attachment":"scroll","background-type":"","background-media":"","overlay-type":"","overlay-color":"","overlay-gradient":""}},"ast-content-background-meta":{"desktop":{"background-color":"var(--ast-global-color-5)","background-image":"","background-repeat":"repeat","background-position":"center center","background-size":"auto","background-attachment":"scroll","background-type":"","background-media":"","overlay-type":"","overlay-color":"","overlay-gradient":""},"tablet":{"background-color":"var(--ast-global-color-5)","background-image":"","background-repeat":"repeat","background-position":"center center","background-size":"auto","background-attachment":"scroll","background-type":"","background-media":"","overlay-type":"","overlay-color":"","overlay-gradient":""},"mobile":{"background-color":"var(--ast-global-color-5)","background-image":"","background-repeat":"repeat","background-position":"center center","background-size":"auto","background-attachment":"scroll","background-type":"","background-media":"","overlay-type":"","overlay-color":"","overlay-gradient":""}}},"product_cat":[25],"product_tag":[],"class_list":{"0":"post-284","1":"product","2":"type-product","3":"status-publish","5":"product_cat-clementine-mandarine","6":"desktop-align-left","7":"tablet-align-left","8":"mobile-align-left","10":"first","11":"outofstock","12":"shipping-taxable","13":"purchasable","14":"product-type-variable"},"jetpack_sharing_enabled":true,"_links":{"self":[{"href":"https:\/\/laforetdessaveurs.fr\/index.php\/wp-json\/wp\/v2\/product\/284","targetHints":{"allow":["GET"]}}],"collection":[{"href":"https:\/\/laforetdessaveurs.fr\/index.php\/wp-json\/wp\/v2\/product"}],"about":[{"href":"https:\/\/laforetdessaveurs.fr\/index.php\/wp-json\/wp\/v2\/types\/product"}],"wp:attachment":[{"href":"https:\/\/laforetdessaveurs.fr\/index.php\/wp-json\/wp\/v2\/media?parent=284"}],"wp:term":[{"taxonomy":"product_cat","embeddable":true,"href":"https:\/\/laforetdessaveurs.fr\/index.php\/wp-json\/wp\/v2\/product_cat?post=284"},{"taxonomy":"product_tag","embeddable":true,"href":"https:\/\/laforetdessaveurs.fr\/index.php\/wp-json\/wp\/v2\/product_tag?post=284"}],"curies":[{"name":"wp","href":"https:\/\/api.w.org\/{rel}","templated":true}]}}