{"id":289,"date":"2023-12-29T07:24:08","date_gmt":"2023-12-29T06:24:08","guid":{"rendered":"https:\/\/laforetdessaveurs.fr\/?post_type=product&#038;p=289"},"modified":"2023-12-29T07:34:38","modified_gmt":"2023-12-29T06:34:38","slug":"manderinekeraji","status":"publish","type":"product","link":"https:\/\/laforetdessaveurs.fr\/index.php\/produit\/manderinekeraji\/","title":{"rendered":"Mandarine Keraji"},"content":{"rendered":"<div class=\"rey-productTitle-wrapper\">\n<div class=\"rey-productTitle-wrapper\">\n<h1><\/h1>\n<p><em>Citrus reticulata keraji<\/em><\/p>\n<p>La mandarine Keraji, originaire du Japon, se distingue par ses fruits semblables \u00e0 de petite mandarines aplaties, qui passent du vert au jaune \u00e0 maturit\u00e9 et sont faciles \u00e0 \u00e9plucher. Cette vari\u00e9t\u00e9 pr\u00e9sente un int\u00e9r\u00eat particulier en raison de sa rusticit\u00e9, capable de r\u00e9sister \u00e0 des temp\u00e9ratures allant jusqu&#8217;\u00e0 -12\u00b0C. Les petites mandarines, d&#8217;un poids d&#8217;environ 45 grammes, sont d&#8217;une grande saveur, avec un zeste incroyablement aromatique m\u00ealant des notes de vraie mandarine \u00e0 des nuances \u00e9pic\u00e9es. La chair, quant \u00e0 elle, \u00e9volue en saveur, passant de l&#8217;acidit\u00e9 lorsqu&#8217;elle est encore verte \u00e0 une douceur sucr\u00e9e en novembre, lorsque le fruit est bien m\u00fbr. Les fruits peuvent \u00eatre utilis\u00e9s de multiples fa\u00e7ons, que ce soit en cuisine pour leur zeste et leur jus, en remplacement du citron lorsqu&#8217;ils sont encore verts, ou en tant qu&#8217;excellente mandarine\u00a0 \u00e0 pleine maturit\u00e9.<\/p>\n<p>Rusticit\u00e9 : -12\u00b0C<\/p>\n<p>R\u00e9colte : de septembre \u00e0 d\u00e9cembre<\/p>\n<\/div>\n<\/div>\n","protected":false},"excerpt":{"rendered":"<p>La mandarine Keraji, originaire du Japon, se distingue par ses fruits semblables \u00e0 de petite mandarines aplaties, qui passent du vert au jaune \u00e0 maturit\u00e9 et sont faciles \u00e0 \u00e9plucher. Cette vari\u00e9t\u00e9 pr\u00e9sente un int\u00e9r\u00eat particulier en raison de sa rusticit\u00e9, capable de r\u00e9sister \u00e0 des temp\u00e9ratures allant jusqu&#8217;\u00e0 -12\u00b0C. Les petites mandarines, d&#8217;un poids d&#8217;environ 45 grammes, sont d&#8217;une grande saveur, avec un zeste incroyablement aromatique m\u00ealant des notes de vraie mandarine \u00e0 des nuances \u00e9pic\u00e9es. La chair, quant \u00e0 elle, \u00e9volue en saveur, passant de l&#8217;acidit\u00e9 lorsqu&#8217;elle est encore verte \u00e0 une douceur sucr\u00e9e en novembre, lorsque le fruit est bien m\u00fbr. Les fruits peuvent \u00eatre utilis\u00e9s de multiples fa\u00e7ons, que ce soit en cuisine pour leur zeste et leur jus, en remplacement du citron lorsqu&#8217;ils sont encore verts, ou en tant qu&#8217;excellente mandarine\u00a0 \u00e0 pleine maturit\u00e9.<\/p>\n","protected":false},"featured_media":294,"template":"","meta":{"site-sidebar-layout":"default","site-content-layout":"","ast-site-content-layout":"default","site-content-style":"default","site-sidebar-style":"default","ast-global-header-display":"","ast-banner-title-visibility":"","ast-main-header-display":"","ast-hfb-above-header-display":"","ast-hfb-below-header-display":"","ast-hfb-mobile-header-display":"","site-post-title":"","ast-breadcrumbs-content":"","ast-featured-img":"","footer-sml-layout":"","theme-transparent-header-meta":"default","adv-header-id-meta":"","stick-header-meta":"","header-above-stick-meta":"","header-main-stick-meta":"","header-below-stick-meta":"","astra-migrate-meta-layouts":"set","ast-page-background-enabled":"default","ast-page-background-meta":{"desktop":{"background-color":"var(--ast-global-color-4)","background-image":"","background-repeat":"repeat","background-position":"center center","background-size":"auto","background-attachment":"scroll","background-type":"","background-media":"","overlay-type":"","overlay-color":"","overlay-gradient":""},"tablet":{"background-color":"","background-image":"","background-repeat":"repeat","background-position":"center center","background-size":"auto","background-attachment":"scroll","background-type":"","background-media":"","overlay-type":"","overlay-color":"","overlay-gradient":""},"mobile":{"background-color":"","background-image":"","background-repeat":"repeat","background-position":"center center","background-size":"auto","background-attachment":"scroll","background-type":"","background-media":"","overlay-type":"","overlay-color":"","overlay-gradient":""}},"ast-content-background-meta":{"desktop":{"background-color":"var(--ast-global-color-5)","background-image":"","background-repeat":"repeat","background-position":"center center","background-size":"auto","background-attachment":"scroll","background-type":"","background-media":"","overlay-type":"","overlay-color":"","overlay-gradient":""},"tablet":{"background-color":"var(--ast-global-color-5)","background-image":"","background-repeat":"repeat","background-position":"center center","background-size":"auto","background-attachment":"scroll","background-type":"","background-media":"","overlay-type":"","overlay-color":"","overlay-gradient":""},"mobile":{"background-color":"var(--ast-global-color-5)","background-image":"","background-repeat":"repeat","background-position":"center center","background-size":"auto","background-attachment":"scroll","background-type":"","background-media":"","overlay-type":"","overlay-color":"","overlay-gradient":""}}},"product_cat":[25],"product_tag":[],"class_list":{"0":"post-289","1":"product","2":"type-product","3":"status-publish","4":"has-post-thumbnail","6":"product_cat-clementine-mandarine","7":"desktop-align-left","8":"tablet-align-left","9":"mobile-align-left","11":"first","12":"outofstock","13":"shipping-taxable","14":"purchasable","15":"product-type-variable"},"jetpack_sharing_enabled":true,"_links":{"self":[{"href":"https:\/\/laforetdessaveurs.fr\/index.php\/wp-json\/wp\/v2\/product\/289","targetHints":{"allow":["GET"]}}],"collection":[{"href":"https:\/\/laforetdessaveurs.fr\/index.php\/wp-json\/wp\/v2\/product"}],"about":[{"href":"https:\/\/laforetdessaveurs.fr\/index.php\/wp-json\/wp\/v2\/types\/product"}],"wp:featuredmedia":[{"embeddable":true,"href":"https:\/\/laforetdessaveurs.fr\/index.php\/wp-json\/wp\/v2\/media\/294"}],"wp:attachment":[{"href":"https:\/\/laforetdessaveurs.fr\/index.php\/wp-json\/wp\/v2\/media?parent=289"}],"wp:term":[{"taxonomy":"product_cat","embeddable":true,"href":"https:\/\/laforetdessaveurs.fr\/index.php\/wp-json\/wp\/v2\/product_cat?post=289"},{"taxonomy":"product_tag","embeddable":true,"href":"https:\/\/laforetdessaveurs.fr\/index.php\/wp-json\/wp\/v2\/product_tag?post=289"}],"curies":[{"name":"wp","href":"https:\/\/api.w.org\/{rel}","templated":true}]}}