{"id":86,"date":"2023-12-25T07:30:09","date_gmt":"2023-12-25T06:30:09","guid":{"rendered":"https:\/\/laforetdessaveurs.fr\/?post_type=product&#038;p=86"},"modified":"2023-12-25T07:54:46","modified_gmt":"2023-12-25T06:54:46","slug":"yuzu-n3","status":"publish","type":"product","link":"https:\/\/laforetdessaveurs.fr\/index.php\/produit\/yuzu-n3\/","title":{"rendered":"Yuzu n\u00b03"},"content":{"rendered":"<p><em>Citrus juno<\/em><\/p>\n<p>Agrume rustique et tr\u00e8s productif. Son go\u00fbt \u00e9voque une combinaison subtile de citron, mandarine et de pamplemousse. Au Japon, le Yuzu est consid\u00e9r\u00e9 comme un tr\u00e9sor culinaire, utilis\u00e9 pour rehausser le go\u00fbt des plats traditionnels, des sauces aux soupes, et m\u00eame pour parfumer des boissons et des desserts. Le n\u00b03 est moins sujet \u00e0 l&#8217;alternance que le yuzu classique.<\/p>\n","protected":false},"excerpt":{"rendered":"<p>Citrus juno Agrume rustique et tr\u00e8s productif. Son go\u00fbt \u00e9voque une combinaison subtile de citron, mandarine et de pamplemousse. Au Japon, le Yuzu est consid\u00e9r\u00e9 comme un tr\u00e9sor culinaire, utilis\u00e9 pour rehausser le go\u00fbt des plats traditionnels, des sauces aux soupes, et m\u00eame pour parfumer des boissons et des desserts. Le n\u00b03 est moins sujet &hellip;<\/p>\n<p class=\"read-more\"> <a class=\"\" href=\"https:\/\/laforetdessaveurs.fr\/index.php\/produit\/yuzu-n3\/\"> <span class=\"screen-reader-text\">Yuzu n\u00b03<\/span> Read More &raquo;<\/a><\/p>\n","protected":false},"featured_media":96,"template":"","meta":{"site-sidebar-layout":"default","site-content-layout":"","ast-site-content-layout":"default","site-content-style":"default","site-sidebar-style":"default","ast-global-header-display":"","ast-banner-title-visibility":"","ast-main-header-display":"","ast-hfb-above-header-display":"","ast-hfb-below-header-display":"","ast-hfb-mobile-header-display":"","site-post-title":"","ast-breadcrumbs-content":"","ast-featured-img":"","footer-sml-layout":"","theme-transparent-header-meta":"default","adv-header-id-meta":"","stick-header-meta":"","header-above-stick-meta":"","header-main-stick-meta":"","header-below-stick-meta":"","astra-migrate-meta-layouts":"set","ast-page-background-enabled":"default","ast-page-background-meta":{"desktop":{"background-color":"var(--ast-global-color-4)","background-image":"","background-repeat":"repeat","background-position":"center center","background-size":"auto","background-attachment":"scroll","background-type":"","background-media":"","overlay-type":"","overlay-color":"","overlay-gradient":""},"tablet":{"background-color":"","background-image":"","background-repeat":"repeat","background-position":"center center","background-size":"auto","background-attachment":"scroll","background-type":"","background-media":"","overlay-type":"","overlay-color":"","overlay-gradient":""},"mobile":{"background-color":"","background-image":"","background-repeat":"repeat","background-position":"center center","background-size":"auto","background-attachment":"scroll","background-type":"","background-media":"","overlay-type":"","overlay-color":"","overlay-gradient":""}},"ast-content-background-meta":{"desktop":{"background-color":"var(--ast-global-color-5)","background-image":"","background-repeat":"repeat","background-position":"center center","background-size":"auto","background-attachment":"scroll","background-type":"","background-media":"","overlay-type":"","overlay-color":"","overlay-gradient":""},"tablet":{"background-color":"var(--ast-global-color-5)","background-image":"","background-repeat":"repeat","background-position":"center center","background-size":"auto","background-attachment":"scroll","background-type":"","background-media":"","overlay-type":"","overlay-color":"","overlay-gradient":""},"mobile":{"background-color":"var(--ast-global-color-5)","background-image":"","background-repeat":"repeat","background-position":"center center","background-size":"auto","background-attachment":"scroll","background-type":"","background-media":"","overlay-type":"","overlay-color":"","overlay-gradient":""}}},"product_cat":[20,21],"product_tag":[],"class_list":{"0":"post-86","1":"product","2":"type-product","3":"status-publish","4":"has-post-thumbnail","6":"product_cat-classiques","7":"product_cat-yuzu-et-papeda","8":"desktop-align-left","9":"tablet-align-left","10":"mobile-align-left","12":"first","13":"outofstock","14":"shipping-taxable","15":"purchasable","16":"product-type-variable"},"jetpack_sharing_enabled":true,"_links":{"self":[{"href":"https:\/\/laforetdessaveurs.fr\/index.php\/wp-json\/wp\/v2\/product\/86","targetHints":{"allow":["GET"]}}],"collection":[{"href":"https:\/\/laforetdessaveurs.fr\/index.php\/wp-json\/wp\/v2\/product"}],"about":[{"href":"https:\/\/laforetdessaveurs.fr\/index.php\/wp-json\/wp\/v2\/types\/product"}],"wp:featuredmedia":[{"embeddable":true,"href":"https:\/\/laforetdessaveurs.fr\/index.php\/wp-json\/wp\/v2\/media\/96"}],"wp:attachment":[{"href":"https:\/\/laforetdessaveurs.fr\/index.php\/wp-json\/wp\/v2\/media?parent=86"}],"wp:term":[{"taxonomy":"product_cat","embeddable":true,"href":"https:\/\/laforetdessaveurs.fr\/index.php\/wp-json\/wp\/v2\/product_cat?post=86"},{"taxonomy":"product_tag","embeddable":true,"href":"https:\/\/laforetdessaveurs.fr\/index.php\/wp-json\/wp\/v2\/product_tag?post=86"}],"curies":[{"name":"wp","href":"https:\/\/api.w.org\/{rel}","templated":true}]}}