{"id":92,"date":"2023-12-25T07:45:31","date_gmt":"2023-12-25T06:45:31","guid":{"rendered":"https:\/\/laforetdessaveurs.fr\/?post_type=product&#038;p=92"},"modified":"2023-12-25T07:54:58","modified_gmt":"2023-12-25T06:54:58","slug":"yuzu-hana-yuzu","status":"publish","type":"product","link":"https:\/\/laforetdessaveurs.fr\/index.php\/produit\/yuzu-hana-yuzu\/","title":{"rendered":"Yuzu Hana Yuzu"},"content":{"rendered":"<p><em>Citrus hanaju<\/em><\/p>\n<p>Petite s\u0153ur du Yuzu, se distingue par ses fruits jaunes et ronds, l\u00e9g\u00e8rement plus petits (40g) que ceux du Yuzu, mais tout aussi abondants. \u00c0 pleine maturit\u00e9 ils restent jaunes, offrant alors un zeste aux notes aromatiques de mandarine\/pamplemousse\/citron tr\u00e8s \u00e9l\u00e9gant. Sa peau fine adh\u00e8re davantage aux quartiers mais se p\u00e8le facilement. L&#8217;int\u00e9rieur du fruit est plus juteux que celui du Yuzu et contient moins de p\u00e9pins, ce qui en fait un excellent choix pour diluer le jus de Yuzu. Cette vari\u00e9t\u00e9 est id\u00e9ale pour les confitures et marmelades, ainsi que pour pr\u00e9parer des liqueurs comme le Yuzucello. Tr\u00e8s rustique, il pr\u00e9sente un port plus compact que le Yuzu, avec moins d&#8217;\u00e9pines.<\/p>\n","protected":false},"excerpt":{"rendered":"<p>Petite s\u0153ur du Yuzu, se distingue par ses fruits jaunes et ronds, l\u00e9g\u00e8rement plus petits (40g) que ceux du Yuzu, mais tout aussi abondants. \u00c0 pleine maturit\u00e9 ils restent jaunes, offrant alors un zeste aux notes aromatiques de mandarine\/pamplemousse\/citron tr\u00e8s \u00e9l\u00e9gant.<\/p>\n","protected":false},"featured_media":95,"template":"","meta":{"site-sidebar-layout":"default","site-content-layout":"","ast-site-content-layout":"default","site-content-style":"default","site-sidebar-style":"default","ast-global-header-display":"","ast-banner-title-visibility":"","ast-main-header-display":"","ast-hfb-above-header-display":"","ast-hfb-below-header-display":"","ast-hfb-mobile-header-display":"","site-post-title":"","ast-breadcrumbs-content":"","ast-featured-img":"","footer-sml-layout":"","theme-transparent-header-meta":"default","adv-header-id-meta":"","stick-header-meta":"","header-above-stick-meta":"","header-main-stick-meta":"","header-below-stick-meta":"","astra-migrate-meta-layouts":"set","ast-page-background-enabled":"default","ast-page-background-meta":{"desktop":{"background-color":"var(--ast-global-color-4)","background-image":"","background-repeat":"repeat","background-position":"center center","background-size":"auto","background-attachment":"scroll","background-type":"","background-media":"","overlay-type":"","overlay-color":"","overlay-gradient":""},"tablet":{"background-color":"","background-image":"","background-repeat":"repeat","background-position":"center center","background-size":"auto","background-attachment":"scroll","background-type":"","background-media":"","overlay-type":"","overlay-color":"","overlay-gradient":""},"mobile":{"background-color":"","background-image":"","background-repeat":"repeat","background-position":"center center","background-size":"auto","background-attachment":"scroll","background-type":"","background-media":"","overlay-type":"","overlay-color":"","overlay-gradient":""}},"ast-content-background-meta":{"desktop":{"background-color":"var(--ast-global-color-5)","background-image":"","background-repeat":"repeat","background-position":"center center","background-size":"auto","background-attachment":"scroll","background-type":"","background-media":"","overlay-type":"","overlay-color":"","overlay-gradient":""},"tablet":{"background-color":"var(--ast-global-color-5)","background-image":"","background-repeat":"repeat","background-position":"center center","background-size":"auto","background-attachment":"scroll","background-type":"","background-media":"","overlay-type":"","overlay-color":"","overlay-gradient":""},"mobile":{"background-color":"var(--ast-global-color-5)","background-image":"","background-repeat":"repeat","background-position":"center center","background-size":"auto","background-attachment":"scroll","background-type":"","background-media":"","overlay-type":"","overlay-color":"","overlay-gradient":""}}},"product_cat":[21],"product_tag":[],"class_list":{"0":"post-92","1":"product","2":"type-product","3":"status-publish","4":"has-post-thumbnail","6":"product_cat-yuzu-et-papeda","7":"desktop-align-left","8":"tablet-align-left","9":"mobile-align-left","11":"first","12":"outofstock","13":"shipping-taxable","14":"purchasable","15":"product-type-variable"},"jetpack_sharing_enabled":true,"_links":{"self":[{"href":"https:\/\/laforetdessaveurs.fr\/index.php\/wp-json\/wp\/v2\/product\/92","targetHints":{"allow":["GET"]}}],"collection":[{"href":"https:\/\/laforetdessaveurs.fr\/index.php\/wp-json\/wp\/v2\/product"}],"about":[{"href":"https:\/\/laforetdessaveurs.fr\/index.php\/wp-json\/wp\/v2\/types\/product"}],"wp:featuredmedia":[{"embeddable":true,"href":"https:\/\/laforetdessaveurs.fr\/index.php\/wp-json\/wp\/v2\/media\/95"}],"wp:attachment":[{"href":"https:\/\/laforetdessaveurs.fr\/index.php\/wp-json\/wp\/v2\/media?parent=92"}],"wp:term":[{"taxonomy":"product_cat","embeddable":true,"href":"https:\/\/laforetdessaveurs.fr\/index.php\/wp-json\/wp\/v2\/product_cat?post=92"},{"taxonomy":"product_tag","embeddable":true,"href":"https:\/\/laforetdessaveurs.fr\/index.php\/wp-json\/wp\/v2\/product_tag?post=92"}],"curies":[{"name":"wp","href":"https:\/\/api.w.org\/{rel}","templated":true}]}}